{"id":6829,"date":"2026-04-09T12:23:50","date_gmt":"2026-04-09T11:23:50","guid":{"rendered":"https:\/\/bananakit.com\/about-pt\/"},"modified":"2026-04-09T16:06:25","modified_gmt":"2026-04-09T15:06:25","slug":"about-pt","status":"publish","type":"page","link":"https:\/\/bananakit.com\/pt-pt\/about-pt\/","title":{"rendered":"Sobre o Bananakit"},"content":{"rendered":"\n<div class=\"wp-block-cover alignfull\" style=\"padding-top:var(--wp--preset--spacing--60);padding-right:var(--wp--preset--spacing--30);padding-bottom:var(--wp--preset--spacing--60);padding-left:var(--wp--preset--spacing--30);min-height:420px;aspect-ratio:unset;\"><span aria-hidden=\"true\" class=\"wp-block-cover__background has-background-dim-30 has-background-dim\" style=\"background:linear-gradient(90deg,rgba(14,12,25,0.55) 0%,rgba(14,12,25,0.15) 60%,rgba(14,12,25,0) 100%)\"><\/span><img decoding=\"async\" class=\"wp-block-cover__image-background\" alt=\"\" src=\"https:\/\/bananakit.com\/wp-content\/uploads\/2026\/04\/Banana-Dentists.jpg\" data-object-fit=\"cover\" data-object-position=\"50% 30%\"\/><div class=\"wp-block-cover__inner-container has-global-padding is-layout-constrained wp-container-core-cover-is-layout-ebbcba38 wp-block-cover-is-layout-constrained\">\n\n<h1 class=\"wp-block-heading has-text-color\" style=\"color:#ffffff;font-size:clamp(36px, 5vw, 64px);line-height:1.05;text-shadow:0 2px 20px rgba(14,12,25,0.55)\">Sobre o Bananakit<\/h1>\n\n\n<p class=\"has-text-color\" style=\"color:#ffffff;margin-top:var(--wp--preset--spacing--20);font-size:clamp(14px, 0.875rem + ((1vw - 3.2px) * 0.455), 18px);text-shadow:0 1px 8px rgba(14,12,25,0.7)\">Feito em It\u00e1lia por profissionais dent\u00e1rios desde 1990<\/p>\n\n<\/div><\/div>\n\n\n\n<div class=\"wp-block-group alignfull has-global-padding is-layout-constrained wp-container-core-group-is-layout-9e8f38f9 wp-block-group-is-layout-constrained\" style=\"padding-top:var(--wp--preset--spacing--60);padding-right:var(--wp--preset--spacing--30);padding-bottom:var(--wp--preset--spacing--60);padding-left:var(--wp--preset--spacing--30)\">\n<p class=\"has-text-color\" style=\"color:#8300e9;margin-bottom:var(--wp--preset--spacing--40);font-size:13px;font-weight:600;letter-spacing:3px;text-transform:uppercase\">Um presente muito pessoal que nunca esquecer\u00e1<\/p>\n\n<h2 class=\"wp-block-heading\">Quem somos<\/h2>\n<p style=\"font-size:clamp(14px, 0.875rem + ((1vw - 3.2px) * 0.341), 17px);line-height:1.7\">O Bananakit \u00e9 uma marca da <strong>Major Prodotti Dentari S.p.A.<\/strong>, uma empresa italiana sediada em Moncalieri (Turim) que fabrica materiais de impress\u00e3o dent\u00e1ria h\u00e1 mais de 30 anos. Trouxemos a nossa experi\u00eancia em formula\u00e7\u00e3o de alginato e silicone para criar o kit de clonagem DIY mais seguro e preciso do mercado.<\/p>\n\n<h2 class=\"wp-block-heading\" style=\"margin-top:var(--wp--preset--spacing--50)\">Porqu\u00ea uma empresa dent\u00e1ria?<\/h2>\n<p style=\"font-size:clamp(14px, 0.875rem + ((1vw - 3.2px) * 0.341), 17px);line-height:1.7\">Fazer uma impress\u00e3o perfeita \u00e9 exatamente o que os dentistas fazem todos os dias. O mesmo alginato e o mesmo silicone de platina utilizados em odontologia tornam o Bananakit t\u00e3o preciso, seguro e fi\u00e1vel. Concebemos estes materiais especificamente para moldagem corporal.<\/p>\n\n<h2 class=\"wp-block-heading\" style=\"margin-top:var(--wp--preset--spacing--50)\">Os nossos padr\u00f5es<\/h2>\n<p style=\"font-size:clamp(14px, 0.875rem + ((1vw - 3.2px) * 0.341), 17px);line-height:1.7\">Cada componente do Bananakit \u00e9 fabricado na nossa instala\u00e7\u00e3o em It\u00e1lia sob os mesmos rigorosos controlos de qualidade que aplicamos aos produtos m\u00e9dicos e dent\u00e1rios:<\/p>\n<ul class=\"wp-block-list\" style=\"font-size:clamp(14px, 0.875rem + ((1vw - 3.2px) * 0.227), 16px);line-height:1.8\"><li><strong>Alginato sem s\u00edlica cristalina<\/strong> \u2014 sem poeira nociva, seguro para contacto prolongado com a pele<\/li><li><strong>Sem c\u00e1dmio nem chumbo<\/strong> \u2014 excede os requisitos de seguran\u00e7a da UE<\/li><li><strong>Silicone de platina de grau m\u00e9dico<\/strong> \u2014 hipoalerg\u00e9nico, n\u00e3o t\u00f3xico, seguro para o corpo<\/li><li><strong>Alginato biodegrad\u00e1vel<\/strong> \u2014 derivado de algas naturais, totalmente sustent\u00e1vel<\/li><li><strong>Testado por lote<\/strong> \u2014 cada lote de produ\u00e7\u00e3o \u00e9 verificado antes da embalagem<\/li><\/ul>\n\n<h2 class=\"wp-block-heading\" style=\"margin-top:var(--wp--preset--spacing--50)\">A nossa miss\u00e3o<\/h2>\n<p style=\"font-size:clamp(14px, 0.875rem + ((1vw - 3.2px) * 0.341), 17px);line-height:1.7\">Acreditamos que a intimidade pode ser divertida, criativa e l\u00fadica. O Bananakit transforma um momento pessoal numa experi\u00eancia partilhada \u2014 algo para rir, corar e recordar para sempre. Seja surpresa de anivers\u00e1rio, despedida de solteira ou aventura de ter\u00e7a \u00e0 noite, garantimos que \u00e9 seguro, f\u00e1cil e inesquec\u00edvel.<\/p>\n\n\n<div class=\"wp-block-group has-background has-global-padding is-layout-constrained wp-block-group-is-layout-constrained\" style=\"border-radius:12px;background-color:#f7f5fa;margin-top:var(--wp--preset--spacing--50);padding-top:var(--wp--preset--spacing--40);padding-bottom:var(--wp--preset--spacing--40)\">\n<p class=\"has-text-align-center\" style=\"font-size:14px;line-height:1.7\"><strong>Major Prodotti Dentari S.p.A.<\/strong><br>Via Einaudi 23, 10024 Moncalieri (TO), Italy<br>info@bananakit.com<\/p>\n<\/div>\n<\/div>","protected":false},"excerpt":{"rendered":"<p>Um presente muito pessoal que nunca esquecer\u00e1 Quem somos O Bananakit \u00e9 uma marca da Major Prodotti Dentari S.p.A., uma empresa italiana sediada em Moncalieri (Turim) que fabrica materiais de impress\u00e3o dent\u00e1ria h\u00e1 mais de 30 anos. Trouxemos a nossa experi\u00eancia em formula\u00e7\u00e3o de alginato e silicone para criar o kit de clonagem DIY mais [&hellip;]<\/p>\n","protected":false},"author":0,"featured_media":0,"parent":0,"menu_order":0,"comment_status":"closed","ping_status":"closed","template":"","meta":{"footnotes":""},"class_list":["post-6829","page","type-page","status-publish","hentry"],"aioseo_notices":[],"_links":{"self":[{"href":"https:\/\/bananakit.com\/pt-pt\/wp-json\/wp\/v2\/pages\/6829","targetHints":{"allow":["GET"]}}],"collection":[{"href":"https:\/\/bananakit.com\/pt-pt\/wp-json\/wp\/v2\/pages"}],"about":[{"href":"https:\/\/bananakit.com\/pt-pt\/wp-json\/wp\/v2\/types\/page"}],"replies":[{"embeddable":true,"href":"https:\/\/bananakit.com\/pt-pt\/wp-json\/wp\/v2\/comments?post=6829"}],"version-history":[{"count":0,"href":"https:\/\/bananakit.com\/pt-pt\/wp-json\/wp\/v2\/pages\/6829\/revisions"}],"wp:attachment":[{"href":"https:\/\/bananakit.com\/pt-pt\/wp-json\/wp\/v2\/media?parent=6829"}],"curies":[{"name":"wp","href":"https:\/\/api.w.org\/{rel}","templated":true}]}}