{"id":6708,"date":"2026-04-09T12:06:53","date_gmt":"2026-04-09T11:06:53","guid":{"rendered":"https:\/\/bananakit.com\/ricambi-pt\/alginato-pt\/"},"modified":"2026-04-09T12:21:47","modified_gmt":"2026-04-09T11:21:47","slug":"alginato-pt","status":"publish","type":"page","link":"https:\/\/bananakit.com\/pt-pt\/ricambi-pt\/alginato-pt\/","title":{"rendered":"Alginato Bananakit"},"content":{"rendered":"\n<div class=\"wp-block-cover alignfull\" style=\"padding-top:var(--wp--preset--spacing--60);padding-right:var(--wp--preset--spacing--30);padding-bottom:var(--wp--preset--spacing--60);padding-left:var(--wp--preset--spacing--30);min-height:380px;aspect-ratio:unset;\"><span aria-hidden=\"true\" class=\"wp-block-cover__background has-background-dim-0 has-background-dim has-background-gradient\" style=\"background:linear-gradient(180deg,rgba(14,12,25,0.55) 0%,rgba(14,12,25,0.75) 100%)\"><\/span><img decoding=\"async\" class=\"wp-block-cover__image-background\" alt=\"\" src=\"https:\/\/bananakit.com\/wp-content\/uploads\/2026\/04\/Couple_Alginate.jpg\" data-object-fit=\"cover\"\/><div class=\"wp-block-cover__inner-container has-global-padding is-layout-constrained wp-container-core-cover-is-layout-05c6b069 wp-block-cover-is-layout-constrained\">\n\n<p class=\"has-text-color\" style=\"color:#ffffff;font-size:13px;font-weight:600;letter-spacing:3px;text-transform:uppercase;text-shadow:0 1px 8px rgba(14,12,25,0.7)\">Recarga de alginato<\/p>\n\n\n<h1 class=\"wp-block-heading has-background-color has-text-color\" style=\"font-size:clamp(36px, 5vw, 64px);line-height:1.05;text-shadow:0 2px 20px rgba(14,12,25,0.55)\">Alginato Bananakit<\/h1>\n\n\n<\/div><\/div>\n\n\n\n<div class=\"wp-block-group alignfull has-global-padding is-layout-constrained wp-container-core-group-is-layout-0cb04e4f wp-block-group-is-layout-constrained\" style=\"padding-top:var(--wp--preset--spacing--60);padding-right:var(--wp--preset--spacing--30);padding-bottom:var(--wp--preset--spacing--60);padding-left:var(--wp--preset--spacing--30)\">\n\n<div class=\"wp-block-columns are-vertically-aligned-center is-layout-flex wp-container-core-columns-is-layout-47c06fe3 wp-block-columns-is-layout-flex\">\n\n<div class=\"wp-block-column is-vertically-aligned-center is-layout-flow wp-block-column-is-layout-flow\" style=\"flex-basis:45%\">\n\n<figure class=\"wp-block-image size-large has-custom-border\"><img loading=\"lazy\" decoding=\"async\" width=\"1600\" height=\"1600\" src=\"https:\/\/bananakit.com\/wp-content\/uploads\/2026\/04\/Couple_Alginate.jpg\" alt=\"Alginato Bananakit\" class=\"wp-image-6586\" style=\"border-radius:12px\" srcset=\"https:\/\/bananakit.com\/wp-content\/uploads\/2026\/04\/Couple_Alginate.jpg 1600w, https:\/\/bananakit.com\/wp-content\/uploads\/2026\/04\/Couple_Alginate-300x300.jpg 300w, https:\/\/bananakit.com\/wp-content\/uploads\/2026\/04\/Couple_Alginate-1024x1024.jpg 1024w, https:\/\/bananakit.com\/wp-content\/uploads\/2026\/04\/Couple_Alginate-150x150.jpg 150w, https:\/\/bananakit.com\/wp-content\/uploads\/2026\/04\/Couple_Alginate-768x768.jpg 768w, https:\/\/bananakit.com\/wp-content\/uploads\/2026\/04\/Couple_Alginate-1536x1536.jpg 1536w\" sizes=\"auto, (max-width: 1600px) 100vw, 1600px\" \/><\/figure>\n\n<\/div>\n\n\n<div class=\"wp-block-column is-vertically-aligned-center is-layout-flow wp-block-column-is-layout-flow\" style=\"flex-basis:55%\">\n\n<p style=\"font-size:clamp(14px, 0.875rem + ((1vw - 3.2px) * 0.341), 17px);line-height:1.7\">Alginato oficial Bananakit \u2014 o mais seguro do mercado. Cada saqueta para dois moldes. Sem s\u00edlica cristalina, c\u00e1dmio nem chumbo. Biodegrad\u00e1vel. Made in Italy.<\/p>\n\n\n\n<h3 class=\"wp-block-heading\" style=\"margin-top:var(--wp--preset--spacing--40);font-size:clamp(14.642px, 0.915rem + ((1vw - 3.2px) * 0.836), 22px);\">Caracter\u00edsticas<\/h3>\n\n\n\n<ul class=\"wp-block-list\" style=\"font-size:clamp(14px, 0.875rem + ((1vw - 3.2px) * 0.114), 15px);line-height:1.7\"><li>1 saqueta = 2 moldes<\/li><li>Seguro para a pele \u2014 hipoalerg\u00e9nico<\/li><li>Sem s\u00edlica, c\u00e1dmio nem chumbo<\/li><li>Detalhe ultra-fino<\/li><li>F\u00f3rmula f\u00e1cil<\/li><li>Biodegrad\u00e1vel<\/li><\/ul>\n\n\n\n<h3 class=\"wp-block-heading\" style=\"margin-top:var(--wp--preset--spacing--40);font-size:clamp(14.642px, 0.915rem + ((1vw - 3.2px) * 0.836), 22px);\">Especifica\u00e7\u00f5es<\/h3>\n\n\n\n<figure class=\"wp-block-table\"><table style=\"font-size:14px\"><tbody><tr><td>Conte\u00fado<\/td><td>453 g \/ 1 lb<\/td><\/tr><tr><td>Tempo de mistura<\/td><td>45 sec<\/td><\/tr><tr><td>Tempo de trabalho<\/td><td>3 min<\/td><\/tr><tr><td>Tempo de cura<\/td><td>5 min<\/td><\/tr><tr><td>Cor final<\/td><td>White<\/td><\/tr><\/tbody><\/table><\/figure>\n\n\n\n<div class=\"wp-block-buttons is-content-justification-center is-layout-flex wp-container-core-buttons-is-layout-ca1e6ec4 wp-block-buttons-is-layout-flex\" style=\"margin-top:var(--wp--preset--spacing--40)\">\n\n<div class=\"wp-block-button\"><a class=\"wp-block-button__link wp-element-button\" href=\"https:\/\/www.amazon.es\/dp\/B0DQF31JCJ\" target=\"_blank\" rel=\"noreferrer noopener\">Comprar na Amazon<\/a><\/div>\n\n\n<div class=\"wp-block-button is-style-outline is-style-outline--1\"><a class=\"wp-block-button__link wp-element-button\" href=\"https:\/\/bananakit.com\/pt-pt\/ricambi-pt\/\">\u2190 Voltar \u00e0s recargas<\/a><\/div>\n\n<\/div>\n\n<\/div>\n\n<\/div>\n\n\n\n\n<div class=\"wp-block-group has-border-color has-background is-content-justification-center is-layout-flex wp-container-core-group-is-layout-a17e5fdc wp-block-group-is-layout-flex\" style=\"border-color:#e5e0ec;border-width:1px;border-radius:12px;background-color:#f7f5fa;margin-top:var(--wp--preset--spacing--40);padding-top:var(--wp--preset--spacing--30);padding-bottom:var(--wp--preset--spacing--30)\">\n\n<p style=\"margin-right:24px;font-size:14px;font-weight:600\">&#x1F4E6; Envio discreto \u2014 caixa sem marca<\/p>\n\n\n<p style=\"margin-right:24px;font-size:14px;font-weight:600\">&#x1F1EE;&#x1F1F9; Made in Italy \u2014 padr\u00f5es dent\u00e1rios<\/p>\n\n\n<p style=\"font-size:14px;font-weight:600\">&#x1F6E1;&#xFE0F; Silicone de grau m\u00e9dico \u2014 seguro<\/p>\n\n<\/div>\n\n\n<\/div>\n","protected":false},"excerpt":{"rendered":"<p>Alginato oficial Bananakit \u2014 o mais seguro do mercado. Cada saqueta para dois moldes. Sem s\u00edlica cristalina, c\u00e1dmio nem chumbo. Biodegrad\u00e1vel. Made in Italy. Caracter\u00edsticas Especifica\u00e7\u00f5es Conte\u00fado 453 g \/ 1 lb Tempo de mistura 45 sec Tempo de trabalho 3 min Tempo de cura 5 min Cor final White &#x1F4E6; Envio discreto \u2014 caixa [&hellip;]<\/p>\n","protected":false},"author":0,"featured_media":0,"parent":6233,"menu_order":0,"comment_status":"closed","ping_status":"closed","template":"","meta":{"footnotes":""},"class_list":["post-6708","page","type-page","status-publish","hentry"],"aioseo_notices":[],"_links":{"self":[{"href":"https:\/\/bananakit.com\/pt-pt\/wp-json\/wp\/v2\/pages\/6708","targetHints":{"allow":["GET"]}}],"collection":[{"href":"https:\/\/bananakit.com\/pt-pt\/wp-json\/wp\/v2\/pages"}],"about":[{"href":"https:\/\/bananakit.com\/pt-pt\/wp-json\/wp\/v2\/types\/page"}],"replies":[{"embeddable":true,"href":"https:\/\/bananakit.com\/pt-pt\/wp-json\/wp\/v2\/comments?post=6708"}],"version-history":[{"count":0,"href":"https:\/\/bananakit.com\/pt-pt\/wp-json\/wp\/v2\/pages\/6708\/revisions"}],"up":[{"embeddable":true,"href":"https:\/\/bananakit.com\/pt-pt\/wp-json\/wp\/v2\/pages\/6233"}],"wp:attachment":[{"href":"https:\/\/bananakit.com\/pt-pt\/wp-json\/wp\/v2\/media?parent=6708"}],"curies":[{"name":"wp","href":"https:\/\/api.w.org\/{rel}","templated":true}]}}