{"id":6226,"date":"2026-04-08T13:43:18","date_gmt":"2026-04-08T12:43:18","guid":{"rendered":"https:\/\/bananakit.com\/tutorial-pt\/"},"modified":"2026-04-09T16:39:03","modified_gmt":"2026-04-09T15:39:03","slug":"tutorial-pt","status":"publish","type":"page","link":"https:\/\/bananakit.com\/pt-pt\/tutorial-pt\/","title":{"rendered":"Tutorial"},"content":{"rendered":"\n\n\n<div class=\"wp-block-cover alignfull\" style=\"padding-top:var(--wp--preset--spacing--60);padding-right:var(--wp--preset--spacing--30);padding-bottom:var(--wp--preset--spacing--60);padding-left:var(--wp--preset--spacing--30);min-height:420px;aspect-ratio:unset;\"><span aria-hidden=\"true\" class=\"wp-block-cover__background has-background-dim-0 has-background-dim has-background-gradient\" style=\"background:linear-gradient(90deg,rgba(14,12,25,0.75) 0%,rgba(14,12,25,0.25) 70%,rgba(14,12,25,0) 100%)\"><\/span><img decoding=\"async\" class=\"wp-block-cover__image-background\" alt=\"\" src=\"https:\/\/bananakit.com\/wp-content\/uploads\/2026\/04\/Banana-Tutorial.jpg\" data-object-fit=\"cover\"\/><div class=\"wp-block-cover__inner-container has-global-padding is-layout-constrained wp-container-core-cover-is-layout-ebbcba38 wp-block-cover-is-layout-constrained\">\n\n<p class=\"has-text-color\" style=\"color:#c8a9ef;font-size:13px;font-weight:600;letter-spacing:3px;text-transform:uppercase\">Descobre a arte da clonagem<\/p>\n\n\n\n<h1 class=\"wp-block-heading has-background-color has-text-color\" style=\"font-size:clamp(36px, 5vw, 64px);line-height:1.05;text-shadow:0 2px 20px rgba(14,12,25,0.55)\">Tutorial BANANAKIT<\/h1>\n\n\n\n<p class=\"has-background-color has-text-color\" style=\"margin-top:var(--wp--preset--spacing--20);font-size:clamp(14px, 0.875rem + ((1vw - 3.2px) * 0.455), 18px);text-shadow:0 1px 8px rgba(14,12,25,0.7)\">Descobre os passos simples para criar o teu pr\u00f3prio clone personalizado com o nosso kit DIY. Perfeito para iniciantes e entusiastas.<\/p>\n\n\n<\/div><\/div>\n\n\n\n<div class=\"wp-block-group alignfull has-global-padding is-layout-constrained wp-container-core-group-is-layout-d7858baa wp-block-group-is-layout-constrained\" style=\"padding-top:var(--wp--preset--spacing--60);padding-right:var(--wp--preset--spacing--30);padding-bottom:var(--wp--preset--spacing--50);padding-left:var(--wp--preset--spacing--30)\">\n\n<h2 class=\"wp-block-heading has-text-align-center\">O teu guia para criar um clone perfeito<\/h2>\n\n\n\n<p class=\"has-text-align-center\" style=\"font-size:clamp(14px, 0.875rem + ((1vw - 3.2px) * 0.455), 18px);line-height:1.7\">Estamos ansiosos por ajudar-te a criar um clone \u00fanico com o nosso kit DIY. Quer seja a tua primeira vez ou sejas um utilizador experiente, o nosso guia passo a passo torna o processo simples, divertido e seguro.<\/p>\n\n<\/div>\n\n\n\n<div class=\"wp-block-group alignfull has-background has-global-padding is-layout-constrained wp-container-core-group-is-layout-6e8b1c8e wp-block-group-is-layout-constrained\" style=\"background-color:#f7f5fa;padding-top:var(--wp--preset--spacing--40);padding-right:var(--wp--preset--spacing--30);padding-bottom:var(--wp--preset--spacing--60);padding-left:var(--wp--preset--spacing--30)\">\n\n<div class=\"wp-block-columns is-layout-flex wp-container-core-columns-is-layout-87beb0d0 wp-block-columns-is-layout-flex\">\n\n\n<div class=\"wp-block-column is-layout-flow wp-block-column-is-layout-flow\">\n\n<div class=\"wp-block-group has-background has-global-padding is-layout-constrained wp-container-core-group-is-layout-8f69a9b3 wp-block-group-is-layout-constrained\" style=\"border-radius:8px;background-color:#ffffff;padding-top:var(--wp--preset--spacing--40);padding-right:var(--wp--preset--spacing--40);padding-bottom:var(--wp--preset--spacing--40);padding-left:var(--wp--preset--spacing--40);box-shadow:0 2px 12px rgba(14,12,25,0.06)\">\n\n<h3 class=\"wp-block-heading\" style=\"font-size:clamp(14.642px, 0.915rem + ((1vw - 3.2px) * 0.836), 22px);\">Usa \u00e1gua morna<\/h3>\n\n\n<p>Para os melhores resultados, usa \u00e1gua morna \u2014 nem muito quente nem muito fria. A \u00e1gua fria pode fazer a tua &#8220;banana&#8221; encolher, afetando a precis\u00e3o do molde. A \u00e1gua morna mant\u00e9m tudo relaxado e garante um ajuste perfeito.<\/p>\n\n<\/div>\n\n<\/div>\n\n\n\n<div class=\"wp-block-column is-layout-flow wp-block-column-is-layout-flow\">\n\n<div class=\"wp-block-group has-background has-global-padding is-layout-constrained wp-container-core-group-is-layout-8f69a9b3 wp-block-group-is-layout-constrained\" style=\"border-radius:8px;background-color:#ffffff;padding-top:var(--wp--preset--spacing--40);padding-right:var(--wp--preset--spacing--40);padding-bottom:var(--wp--preset--spacing--40);padding-left:var(--wp--preset--spacing--40);box-shadow:0 2px 12px rgba(14,12,25,0.06)\">\n\n<h3 class=\"wp-block-heading\" style=\"font-size:clamp(14.642px, 0.915rem + ((1vw - 3.2px) * 0.836), 22px);\">Faz em dupla para mais ajuda e divers\u00e3o<\/h3>\n\n\n<p>Fazer um molde \u00e9 uma experi\u00eancia \u00fanica, e \u00e9 ainda melhor quando partilhas. \u00c9 dif\u00edcil fazer tudo sozinho \u2014 um parceiro pode ajudar-te a relaxar e desfrutar do processo.<\/p>\n\n<\/div>\n\n<\/div>\n\n\n\n<div class=\"wp-block-column is-layout-flow wp-block-column-is-layout-flow\">\n\n<div class=\"wp-block-group has-background has-global-padding is-layout-constrained wp-container-core-group-is-layout-8f69a9b3 wp-block-group-is-layout-constrained\" style=\"border-radius:8px;background-color:#ffffff;padding-top:var(--wp--preset--spacing--40);padding-right:var(--wp--preset--spacing--40);padding-bottom:var(--wp--preset--spacing--40);padding-left:var(--wp--preset--spacing--40);box-shadow:0 2px 12px rgba(14,12,25,0.06)\">\n\n<h3 class=\"wp-block-heading\" style=\"font-size:clamp(14.642px, 0.915rem + ((1vw - 3.2px) * 0.836), 22px);\">Escolhe um local adequado<\/h3>\n\n\n<p>Embora o nosso kit tenha um sistema anti-derrame, \u00e9 melhor fazer o processo num local onde qualquer derrame acidental possa ser facilmente limpo.<\/p>\n\n<\/div>\n\n<\/div>\n\n<\/div>\n\n<\/div>\n\n\n\n<div class=\"wp-block-group alignfull has-global-padding is-layout-constrained wp-container-core-group-is-layout-d7858baa wp-block-group-is-layout-constrained\" style=\"padding-top:var(--wp--preset--spacing--60);padding-right:var(--wp--preset--spacing--30);padding-bottom:var(--wp--preset--spacing--50);padding-left:var(--wp--preset--spacing--30)\">\n\n<h2 class=\"wp-block-heading has-text-align-center\">Guia em v\u00eddeo passo a passo<\/h2>\n\n\n\n<p class=\"has-text-align-center\" style=\"font-size:clamp(14px, 0.875rem + ((1vw - 3.2px) * 0.455), 18px);line-height:1.7\">V\u00ea o nosso v\u00eddeo detalhado abaixo para veres como criar o teu pr\u00f3prio molde com o Bananakit. Este tutorial f\u00e1cil cobre cada passo do processo.<\/p>\n\n\n\n<figure class=\"wp-block-embed is-type-video\" style=\"margin:var(--wp--preset--spacing--40) auto 0;max-width:900px;\">\n<div style=\"position:relative;padding-bottom:56.25%;height:0;border-radius:8px;overflow:hidden;\">\n<iframe src=\"https:\/\/www.youtube.com\/embed\/Fj4ica2eqRo\" title=\"Bananakit tutorial\" frameborder=\"0\" allow=\"accelerometer; autoplay; clipboard-write; encrypted-media; gyroscope; picture-in-picture; web-share\" allowfullscreen loading=\"lazy\" style=\"position:absolute;inset:0;width:100%;height:100%;\"><\/iframe>\n<\/div>\n<\/figure>\n\n<\/div>\n\n\n\n<div class=\"wp-block-group alignfull has-global-padding is-layout-constrained wp-container-core-group-is-layout-ebbcba38 wp-block-group-is-layout-constrained\" style=\"padding-top:var(--wp--preset--spacing--60);padding-right:var(--wp--preset--spacing--30);padding-bottom:var(--wp--preset--spacing--60);padding-left:var(--wp--preset--spacing--30)\">\n\n<h2 class=\"wp-block-heading has-text-align-center\" style=\"margin-bottom:var(--wp--preset--spacing--50)\">Instru\u00e7\u00f5es escritas<\/h2>\n\n\n\n<ol class=\"wp-block-list\" style=\"font-size:clamp(14px, 0.875rem + ((1vw - 3.2px) * 0.341), 17px);line-height:1.7\">\n<li><strong>STEP 1<\/strong> \u2014 Pega nas folhas de l\u00e1tex e faz um corte, ao centro, de cerca de 3-4 cm numa folha e 2 cm na outra.<\/li>\n\n\n\n<li><strong>STEP 2<\/strong> \u2014 Fecha uma das extremidades do tubo com a folha de l\u00e1tex com o corte maior e os dois el\u00e1sticos.<\/li>\n\n\n\n<li><strong>STEP 3<\/strong> \u2014 Enche um recipiente com cerca de 2 litros com 800 ml de \u00e1gua morna da torneira.<\/li>\n\n\n\n<li><strong>STEP 4<\/strong> \u2014 Abre o tubo com o alginato em p\u00f3, retira o vibrador, e deita todo o conte\u00fado no recipiente com a \u00e1gua. Mistura bem durante cerca de 30 segundos.<\/li>\n\n\n\n<li><strong>STEP 5<\/strong> \u2014 Insere a tua banana ereta no tubo pela abertura do l\u00e1tex, certificando-te que nenhuma parte toca nas paredes.<\/li>\n\n\n\n<li><strong>STEP 6<\/strong> \u2014 Deita toda a mistura de alginato pelo topo do tubo at\u00e9 a banana ficar completamente coberta. Mant\u00e9m a banana est\u00e1vel enquanto a mistura solidifica.<\/li>\n\n\n\n<li><strong>STEP 7<\/strong> \u2014 Quando o gel de alginato endurecer, retira cuidadosamente a banana do tubo.<\/li>\n\n\n\n<li><strong>STEP 8<\/strong> \u2014 Insere o tubo que continha o alginato em p\u00f3 no do molde acabado de fazer, para evitar que o molde se deforme.<\/li>\n\n\n\n<li><strong>STEP 9<\/strong> \u2014 Deita o conte\u00fado dos dois frascos de silicone numa ta\u00e7a e mistura durante cerca de 1 minuto at\u00e9 obteres uma mistura homog\u00e9nea.<\/li>\n\n\n\n<li><strong>STEP 10<\/strong> \u2014 Deita a mistura de silicone muito devagar no molde para evitar a forma\u00e7\u00e3o de bolhas de ar. N\u00e3o enchas o molde completamente.<\/li>\n\n\n\n<li><strong>STEP 11<\/strong> \u2014 Fecha o tubo com a folha de l\u00e1tex e o el\u00e1stico. Depois insere o vibrador pelo corte do l\u00e1tex.<\/li>\n\n\n\n<li><strong>STEP 12<\/strong> \u2014 Espera meia hora antes de retirares a tua r\u00e9plica do molde. Podes lav\u00e1-la com \u00e1gua e sab\u00e3o para a manter limpa.<\/li>\n<\/ol>\n\n\n\n<div class=\"wp-block-group has-border-color has-background is-content-justification-center is-layout-flex wp-container-core-group-is-layout-a17e5fdc wp-block-group-is-layout-flex\" style=\"border-color:#e5e0ec;border-width:1px;border-radius:12px;background-color:#f7f5fa;margin-top:var(--wp--preset--spacing--40);padding-top:var(--wp--preset--spacing--30);padding-bottom:var(--wp--preset--spacing--30)\">\n\n<p style=\"margin-right:24px;font-size:14px;font-weight:600\">&#x1F4E6; Envio discreto \u2014 caixa sem marca<\/p>\n\n\n<p style=\"margin-right:24px;font-size:14px;font-weight:600\">&#x1F1EE;&#x1F1F9; Made in Italy \u2014 padr\u00f5es dent\u00e1rios<\/p>\n\n\n<p style=\"font-size:14px;font-weight:600\">&#x1F6E1;&#xFE0F; Silicone de grau m\u00e9dico \u2014 seguro<\/p>\n\n<\/div>\n\n\n<\/div>\n\n\n","protected":false},"excerpt":{"rendered":"<p>O teu guia para criar um clone perfeito Estamos ansiosos por ajudar-te a criar um clone \u00fanico com o nosso kit DIY. Quer seja a tua primeira vez ou sejas um utilizador experiente, o nosso guia passo a passo torna o processo simples, divertido e seguro. Usa \u00e1gua morna Para os melhores resultados, usa \u00e1gua [&hellip;]<\/p>\n","protected":false},"author":0,"featured_media":0,"parent":0,"menu_order":0,"comment_status":"closed","ping_status":"closed","template":"","meta":{"footnotes":""},"class_list":["post-6226","page","type-page","status-publish","hentry"],"aioseo_notices":[],"_links":{"self":[{"href":"https:\/\/bananakit.com\/pt-pt\/wp-json\/wp\/v2\/pages\/6226","targetHints":{"allow":["GET"]}}],"collection":[{"href":"https:\/\/bananakit.com\/pt-pt\/wp-json\/wp\/v2\/pages"}],"about":[{"href":"https:\/\/bananakit.com\/pt-pt\/wp-json\/wp\/v2\/types\/page"}],"replies":[{"embeddable":true,"href":"https:\/\/bananakit.com\/pt-pt\/wp-json\/wp\/v2\/comments?post=6226"}],"version-history":[{"count":0,"href":"https:\/\/bananakit.com\/pt-pt\/wp-json\/wp\/v2\/pages\/6226\/revisions"}],"wp:attachment":[{"href":"https:\/\/bananakit.com\/pt-pt\/wp-json\/wp\/v2\/media?parent=6226"}],"curies":[{"name":"wp","href":"https:\/\/api.w.org\/{rel}","templated":true}]}}