{"id":6173,"date":"2026-04-08T13:43:18","date_gmt":"2026-04-08T12:43:18","guid":{"rendered":"https:\/\/bananakit.com\/tutorial-it\/"},"modified":"2026-04-09T16:39:03","modified_gmt":"2026-04-09T15:39:03","slug":"tutorial-it","status":"publish","type":"page","link":"https:\/\/bananakit.com\/it\/tutorial-it\/","title":{"rendered":"Tutorial"},"content":{"rendered":"\n\n\n<div class=\"wp-block-cover alignfull\" style=\"padding-top:var(--wp--preset--spacing--60);padding-right:var(--wp--preset--spacing--30);padding-bottom:var(--wp--preset--spacing--60);padding-left:var(--wp--preset--spacing--30);min-height:420px;aspect-ratio:unset;\"><span aria-hidden=\"true\" class=\"wp-block-cover__background has-background-dim-0 has-background-dim has-background-gradient\" style=\"background:linear-gradient(90deg,rgba(14,12,25,0.75) 0%,rgba(14,12,25,0.25) 70%,rgba(14,12,25,0) 100%)\"><\/span><img decoding=\"async\" class=\"wp-block-cover__image-background\" alt=\"\" src=\"https:\/\/bananakit.com\/wp-content\/uploads\/2026\/04\/Banana-Tutorial.jpg\" data-object-fit=\"cover\"\/><div class=\"wp-block-cover__inner-container has-global-padding is-layout-constrained wp-container-core-cover-is-layout-ebbcba38 wp-block-cover-is-layout-constrained\">\n\n<p class=\"has-text-color\" style=\"color:#c8a9ef;font-size:13px;font-weight:600;letter-spacing:3px;text-transform:uppercase\">Esplora l&#8217;arte della clonazione<\/p>\n\n\n\n<h1 class=\"wp-block-heading has-background-color has-text-color\" style=\"font-size:clamp(36px, 5vw, 64px);line-height:1.05;text-shadow:0 2px 20px rgba(14,12,25,0.55)\">Tutorial BANANAKIT<\/h1>\n\n\n\n<p class=\"has-background-color has-text-color\" style=\"margin-top:var(--wp--preset--spacing--20);font-size:clamp(14px, 0.875rem + ((1vw - 3.2px) * 0.455), 18px);text-shadow:0 1px 8px rgba(14,12,25,0.7)\">Scopri i semplici passaggi per creare il tuo clone personalizzato con il nostro Kit DIY. Perfetto per principianti ed appassionati.<\/p>\n\n\n<\/div><\/div>\n\n\n\n<div class=\"wp-block-group alignfull has-global-padding is-layout-constrained wp-container-core-group-is-layout-d7858baa wp-block-group-is-layout-constrained\" style=\"padding-top:var(--wp--preset--spacing--60);padding-right:var(--wp--preset--spacing--30);padding-bottom:var(--wp--preset--spacing--50);padding-left:var(--wp--preset--spacing--30)\">\n\n<h2 class=\"wp-block-heading has-text-align-center\">La tua guida per creare un clone perfetto<\/h2>\n\n\n\n<p class=\"has-text-align-center\" style=\"font-size:clamp(14px, 0.875rem + ((1vw - 3.2px) * 0.455), 18px);line-height:1.7\">Siamo felici di aiutarti a creare un clone unico con il nostro kit di modellatura DIY. Che sia la tua prima volta o tu sia un utente esperto, la nostra guida passo-passo \u00e8 pensata per rendere il processo semplice, divertente e sicuro.<\/p>\n\n<\/div>\n\n\n\n<div class=\"wp-block-group alignfull has-background has-global-padding is-layout-constrained wp-container-core-group-is-layout-6e8b1c8e wp-block-group-is-layout-constrained\" style=\"background-color:#f7f5fa;padding-top:var(--wp--preset--spacing--40);padding-right:var(--wp--preset--spacing--30);padding-bottom:var(--wp--preset--spacing--60);padding-left:var(--wp--preset--spacing--30)\">\n\n<div class=\"wp-block-columns is-layout-flex wp-container-core-columns-is-layout-87beb0d0 wp-block-columns-is-layout-flex\">\n\n\n<div class=\"wp-block-column is-layout-flow wp-block-column-is-layout-flow\">\n\n<div class=\"wp-block-group has-background has-global-padding is-layout-constrained wp-container-core-group-is-layout-8f69a9b3 wp-block-group-is-layout-constrained\" style=\"border-radius:8px;background-color:#ffffff;padding-top:var(--wp--preset--spacing--40);padding-right:var(--wp--preset--spacing--40);padding-bottom:var(--wp--preset--spacing--40);padding-left:var(--wp--preset--spacing--40);box-shadow:0 2px 12px rgba(14,12,25,0.06)\">\n\n<h3 class=\"wp-block-heading\" style=\"font-size:clamp(14.642px, 0.915rem + ((1vw - 3.2px) * 0.836), 22px);\">Usa acqua tiepida<\/h3>\n\n\n<p>Per i migliori risultati, usa acqua tiepida \u2014 n\u00e9 troppo calda n\u00e9 troppo fredda. L&#8217;acqua fredda pu\u00f2 far contrarre la tua &#8220;banana&#8221;, compromettendo l&#8217;accuratezza dello stampo. L&#8217;acqua tiepida aiuta a mantenere tutto rilassato e garantisce la vestibilit\u00e0 perfetta.<\/p>\n\n<\/div>\n\n<\/div>\n\n\n\n<div class=\"wp-block-column is-layout-flow wp-block-column-is-layout-flow\">\n\n<div class=\"wp-block-group has-background has-global-padding is-layout-constrained wp-container-core-group-is-layout-8f69a9b3 wp-block-group-is-layout-constrained\" style=\"border-radius:8px;background-color:#ffffff;padding-top:var(--wp--preset--spacing--40);padding-right:var(--wp--preset--spacing--40);padding-bottom:var(--wp--preset--spacing--40);padding-left:var(--wp--preset--spacing--40);box-shadow:0 2px 12px rgba(14,12,25,0.06)\">\n\n<h3 class=\"wp-block-heading\" style=\"font-size:clamp(14.642px, 0.915rem + ((1vw - 3.2px) * 0.836), 22px);\">Fatti aiutare per divertirti di pi\u00f9<\/h3>\n\n\n<p>Creare uno stampo \u00e8 un&#8217;esperienza unica, ed \u00e8 ancora meglio quando la condividi con qualcuno. \u00c8 difficile fare tutto da soli \u2014 un partner pu\u00f2 aiutarti a rilassarti e goderti il processo.<\/p>\n\n<\/div>\n\n<\/div>\n\n\n\n<div class=\"wp-block-column is-layout-flow wp-block-column-is-layout-flow\">\n\n<div class=\"wp-block-group has-background has-global-padding is-layout-constrained wp-container-core-group-is-layout-8f69a9b3 wp-block-group-is-layout-constrained\" style=\"border-radius:8px;background-color:#ffffff;padding-top:var(--wp--preset--spacing--40);padding-right:var(--wp--preset--spacing--40);padding-bottom:var(--wp--preset--spacing--40);padding-left:var(--wp--preset--spacing--40);box-shadow:0 2px 12px rgba(14,12,25,0.06)\">\n\n<h3 class=\"wp-block-heading\" style=\"font-size:clamp(14.642px, 0.915rem + ((1vw - 3.2px) * 0.836), 22px);\">Scegli un luogo adatto<\/h3>\n\n\n<p>Anche se il nostro kit \u00e8 progettato con un sistema no-spill per ridurre al minimo il disordine, \u00e8 meglio effettuare il processo di clonazione in un luogo dove eventuali sversamenti accidentali possano essere puliti facilmente.<\/p>\n\n<\/div>\n\n<\/div>\n\n<\/div>\n\n<\/div>\n\n\n\n<div class=\"wp-block-group alignfull has-global-padding is-layout-constrained wp-container-core-group-is-layout-d7858baa wp-block-group-is-layout-constrained\" style=\"padding-top:var(--wp--preset--spacing--60);padding-right:var(--wp--preset--spacing--30);padding-bottom:var(--wp--preset--spacing--50);padding-left:var(--wp--preset--spacing--30)\">\n\n<h2 class=\"wp-block-heading has-text-align-center\">Video guida passo-passo<\/h2>\n\n\n\n<p class=\"has-text-align-center\" style=\"font-size:clamp(14px, 0.875rem + ((1vw - 3.2px) * 0.455), 18px);line-height:1.7\">Guarda il nostro video dettagliato qui sotto per vedere come creare il tuo stampo con Bananakit. Questo tutorial facile da seguire copre ogni passaggio del processo.<\/p>\n\n\n\n<figure class=\"wp-block-embed is-type-video\" style=\"margin:var(--wp--preset--spacing--40) auto 0;max-width:900px;\">\n<div style=\"position:relative;padding-bottom:56.25%;height:0;border-radius:8px;overflow:hidden;\">\n<iframe src=\"https:\/\/www.youtube.com\/embed\/O2ejf_nUIlA\" title=\"Bananakit tutorial\" frameborder=\"0\" allow=\"accelerometer; autoplay; clipboard-write; encrypted-media; gyroscope; picture-in-picture; web-share\" allowfullscreen loading=\"lazy\" style=\"position:absolute;inset:0;width:100%;height:100%;\"><\/iframe>\n<\/div>\n<\/figure>\n\n<\/div>\n\n\n\n<div class=\"wp-block-group alignfull has-global-padding is-layout-constrained wp-container-core-group-is-layout-ebbcba38 wp-block-group-is-layout-constrained\" style=\"padding-top:var(--wp--preset--spacing--60);padding-right:var(--wp--preset--spacing--30);padding-bottom:var(--wp--preset--spacing--60);padding-left:var(--wp--preset--spacing--30)\">\n\n<h2 class=\"wp-block-heading has-text-align-center\" style=\"margin-bottom:var(--wp--preset--spacing--50)\">Istruzioni scritte<\/h2>\n\n\n\n<ol class=\"wp-block-list\" style=\"font-size:clamp(14px, 0.875rem + ((1vw - 3.2px) * 0.341), 17px);line-height:1.7\">\n<li><strong>STEP 1<\/strong> \u2014 Prendi i fogli di lattice e fai un taglio al centro, di circa 3-4 cm su un foglio e 2 cm sull&#8217;altro.<\/li>\n\n\n\n<li><strong>STEP 2<\/strong> \u2014 Chiudi un&#8217;estremit\u00e0 del tubo usando il foglio di lattice con il taglio pi\u00f9 grande e i due elastici.<\/li>\n\n\n\n<li><strong>STEP 3<\/strong> \u2014 Riempi un contenitore da circa 2 litri con 800 ml di acqua del rubinetto tiepida.<\/li>\n\n\n\n<li><strong>STEP 4<\/strong> \u2014 Apri il tubo con la polvere di alginato, rimuovi il vibratore e versa tutto il contenuto nel contenitore con l&#8217;acqua. Mescola bene per circa 30 secondi.<\/li>\n\n\n\n<li><strong>STEP 5<\/strong> \u2014 Inserisci la tua banana eretta nel tubo attraverso l&#8217;apertura nel lattice, assicurandoti che nessuna parte tocchi le pareti del tubo.<\/li>\n\n\n\n<li><strong>STEP 6<\/strong> \u2014 Versa tutta la miscela di alginato dalla parte superiore del tubo finch\u00e9 la banana non \u00e8 completamente coperta. Mantieni la banana ferma mentre la miscela si solidifica.<\/li>\n\n\n\n<li><strong>STEP 7<\/strong> \u2014 Una volta che il gel di alginato si \u00e8 indurito, rimuovi delicatamente la banana dal tubo.<\/li>\n\n\n\n<li><strong>STEP 8<\/strong> \u2014 Inserisci il tubo che conteneva la polvere di alginato in quello con lo stampo appena creato, per evitare che lo stampo si deformi.<\/li>\n\n\n\n<li><strong>STEP 9<\/strong> \u2014 Versa il contenuto dei due barattoli di silicone in una ciotola e mescola per circa 1 minuto fino ad ottenere un composto omogeneo.<\/li>\n\n\n\n<li><strong>STEP 10<\/strong> \u2014 Versa lentamente la miscela di silicone nello stampo per evitare la formazione di bolle d&#8217;aria. Non riempire lo stampo completamente.<\/li>\n\n\n\n<li><strong>STEP 11<\/strong> \u2014 Chiudi il tubo con il foglio di lattice e l&#8217;elastico. Poi inserisci il vibratore attraverso il taglio nel lattice.<\/li>\n\n\n\n<li><strong>STEP 12<\/strong> \u2014 Attendi mezz&#8217;ora prima di rimuovere la tua replica dallo stampo. Puoi lavarla con acqua e sapone per mantenerla pulita.<\/li>\n<\/ol>\n\n\n\n<div class=\"wp-block-group has-border-color has-background is-content-justification-center is-layout-flex wp-container-core-group-is-layout-a17e5fdc wp-block-group-is-layout-flex\" style=\"border-color:#e5e0ec;border-width:1px;border-radius:12px;background-color:#f7f5fa;margin-top:var(--wp--preset--spacing--40);padding-top:var(--wp--preset--spacing--30);padding-bottom:var(--wp--preset--spacing--30)\">\n\n<p style=\"margin-right:24px;font-size:14px;font-weight:600\">&#x1F4E6; Spedizione discreta \u2014 scatola anonima<\/p>\n\n\n<p style=\"margin-right:24px;font-size:14px;font-weight:600\">&#x1F1EE;&#x1F1F9; Made in Italy \u2014 standard del settore dentale<\/p>\n\n\n<p style=\"font-size:14px;font-weight:600\">&#x1F6E1;&#xFE0F; Silicone di grado medicale \u2014 sicuro per il corpo<\/p>\n\n<\/div>\n\n\n<\/div>\n\n\n","protected":false},"excerpt":{"rendered":"<p>La tua guida per creare un clone perfetto Siamo felici di aiutarti a creare un clone unico con il nostro kit di modellatura DIY. Che sia la tua prima volta o tu sia un utente esperto, la nostra guida passo-passo \u00e8 pensata per rendere il processo semplice, divertente e sicuro. Usa acqua tiepida Per i [&hellip;]<\/p>\n","protected":false},"author":0,"featured_media":0,"parent":0,"menu_order":0,"comment_status":"closed","ping_status":"closed","template":"","meta":{"footnotes":""},"class_list":["post-6173","page","type-page","status-publish","hentry"],"aioseo_notices":[],"_links":{"self":[{"href":"https:\/\/bananakit.com\/it\/wp-json\/wp\/v2\/pages\/6173","targetHints":{"allow":["GET"]}}],"collection":[{"href":"https:\/\/bananakit.com\/it\/wp-json\/wp\/v2\/pages"}],"about":[{"href":"https:\/\/bananakit.com\/it\/wp-json\/wp\/v2\/types\/page"}],"replies":[{"embeddable":true,"href":"https:\/\/bananakit.com\/it\/wp-json\/wp\/v2\/comments?post=6173"}],"version-history":[{"count":0,"href":"https:\/\/bananakit.com\/it\/wp-json\/wp\/v2\/pages\/6173\/revisions"}],"wp:attachment":[{"href":"https:\/\/bananakit.com\/it\/wp-json\/wp\/v2\/media?parent=6173"}],"curies":[{"name":"wp","href":"https:\/\/api.w.org\/{rel}","templated":true}]}}