{"id":6826,"date":"2026-04-09T12:23:50","date_gmt":"2026-04-09T11:23:50","guid":{"rendered":"https:\/\/bananakit.com\/about-fr\/"},"modified":"2026-04-09T16:06:25","modified_gmt":"2026-04-09T15:06:25","slug":"about-fr","status":"publish","type":"page","link":"https:\/\/bananakit.com\/fr\/about-fr\/","title":{"rendered":"\u00c0 propos de Bananakit"},"content":{"rendered":"\n<div class=\"wp-block-cover alignfull\" style=\"padding-top:var(--wp--preset--spacing--60);padding-right:var(--wp--preset--spacing--30);padding-bottom:var(--wp--preset--spacing--60);padding-left:var(--wp--preset--spacing--30);min-height:420px;aspect-ratio:unset;\"><span aria-hidden=\"true\" class=\"wp-block-cover__background has-background-dim-30 has-background-dim\" style=\"background:linear-gradient(90deg,rgba(14,12,25,0.55) 0%,rgba(14,12,25,0.15) 60%,rgba(14,12,25,0) 100%)\"><\/span><img decoding=\"async\" class=\"wp-block-cover__image-background\" alt=\"\" src=\"https:\/\/bananakit.com\/wp-content\/uploads\/2026\/04\/Banana-Dentists.jpg\" data-object-fit=\"cover\" data-object-position=\"50% 30%\"\/><div class=\"wp-block-cover__inner-container has-global-padding is-layout-constrained wp-container-core-cover-is-layout-ebbcba38 wp-block-cover-is-layout-constrained\">\n\n<h1 class=\"wp-block-heading has-text-color\" style=\"color:#ffffff;font-size:clamp(36px, 5vw, 64px);line-height:1.05;text-shadow:0 2px 20px rgba(14,12,25,0.55)\">\u00c0 propos de Bananakit<\/h1>\n\n\n<p class=\"has-text-color\" style=\"color:#ffffff;margin-top:var(--wp--preset--spacing--20);font-size:clamp(14px, 0.875rem + ((1vw - 3.2px) * 0.455), 18px);text-shadow:0 1px 8px rgba(14,12,25,0.7)\">Fabriqu\u00e9 en Italie par des professionnels dentaires depuis 1990<\/p>\n\n<\/div><\/div>\n\n\n\n<div class=\"wp-block-group alignfull has-global-padding is-layout-constrained wp-container-core-group-is-layout-9e8f38f9 wp-block-group-is-layout-constrained\" style=\"padding-top:var(--wp--preset--spacing--60);padding-right:var(--wp--preset--spacing--30);padding-bottom:var(--wp--preset--spacing--60);padding-left:var(--wp--preset--spacing--30)\">\n<p class=\"has-text-color\" style=\"color:#8300e9;margin-bottom:var(--wp--preset--spacing--40);font-size:13px;font-weight:600;letter-spacing:3px;text-transform:uppercase\">Un cadeau tr\u00e8s personnel que vous n&rsquo;oublierez jamais<\/p>\n\n<h2 class=\"wp-block-heading\">Qui sommes-nous<\/h2>\n<p style=\"font-size:clamp(14px, 0.875rem + ((1vw - 3.2px) * 0.341), 17px);line-height:1.7\">Bananakit est une marque de <strong>Major Prodotti Dentari S.p.A.<\/strong>, une entreprise italienne bas\u00e9e \u00e0 Moncalieri (Turin) qui fabrique des mat\u00e9riaux d&#8217;empreinte dentaire depuis plus de 30 ans. Nous avons apport\u00e9 notre expertise en formulation d&rsquo;alginate et de silicone pour cr\u00e9er le kit de clonage DIY le plus s\u00fbr et le plus pr\u00e9cis du march\u00e9.<\/p>\n\n<h2 class=\"wp-block-heading\" style=\"margin-top:var(--wp--preset--spacing--50)\">Pourquoi une entreprise dentaire ?<\/h2>\n<p style=\"font-size:clamp(14px, 0.875rem + ((1vw - 3.2px) * 0.341), 17px);line-height:1.7\">R\u00e9aliser une empreinte parfaite est exactement ce que les dentistes font chaque jour. Le m\u00eame alginate et le m\u00eame silicone platine utilis\u00e9s en dentisterie sont ce qui rend Bananakit si pr\u00e9cis, s\u00fbr et fiable. Nous avons sp\u00e9cifiquement con\u00e7u ces mat\u00e9riaux pour le moulage corporel.<\/p>\n\n<h2 class=\"wp-block-heading\" style=\"margin-top:var(--wp--preset--spacing--50)\">Nos standards<\/h2>\n<p style=\"font-size:clamp(14px, 0.875rem + ((1vw - 3.2px) * 0.341), 17px);line-height:1.7\">Chaque composant Bananakit est fabriqu\u00e9 dans notre usine en Italie sous les m\u00eames contr\u00f4les de qualit\u00e9 stricts que nous appliquons aux produits m\u00e9dicaux et dentaires :<\/p>\n<ul class=\"wp-block-list\" style=\"font-size:clamp(14px, 0.875rem + ((1vw - 3.2px) * 0.227), 16px);line-height:1.8\"><li><strong>Alginate sans silice cristalline<\/strong> \u2014 sans poussi\u00e8re nocive, s\u00fbr pour un contact prolong\u00e9 avec la peau<\/li><li><strong>Sans cadmium ni plomb<\/strong> \u2014 d\u00e9passe les exigences de s\u00e9curit\u00e9 de l&rsquo;UE<\/li><li><strong>Silicone platine de qualit\u00e9 m\u00e9dicale<\/strong> \u2014 hypoallerg\u00e9nique, non toxique, s\u00fbr pour le corps<\/li><li><strong>Alginate biod\u00e9gradable<\/strong> \u2014 d\u00e9riv\u00e9 d&rsquo;algues naturelles, enti\u00e8rement durable<\/li><li><strong>Test\u00e9 par lot<\/strong> \u2014 chaque lot de production est contr\u00f4l\u00e9 avant emballage<\/li><\/ul>\n\n<h2 class=\"wp-block-heading\" style=\"margin-top:var(--wp--preset--spacing--50)\">Notre mission<\/h2>\n<p style=\"font-size:clamp(14px, 0.875rem + ((1vw - 3.2px) * 0.341), 17px);line-height:1.7\">Nous croyons que l&rsquo;intimit\u00e9 peut \u00eatre amusante, cr\u00e9ative et ludique. Bananakit transforme un moment personnel en une exp\u00e9rience partag\u00e9e \u2014 pour en rire, en rougir et s&rsquo;en souvenir pour toujours. Que ce soit une surprise d&rsquo;anniversaire, un moment fort d&rsquo;EVJF ou une aventure du mardi soir, nous veillons \u00e0 ce que ce soit s\u00fbr, facile et inoubliable.<\/p>\n\n\n<div class=\"wp-block-group has-background has-global-padding is-layout-constrained wp-block-group-is-layout-constrained\" style=\"border-radius:12px;background-color:#f7f5fa;margin-top:var(--wp--preset--spacing--50);padding-top:var(--wp--preset--spacing--40);padding-bottom:var(--wp--preset--spacing--40)\">\n<p class=\"has-text-align-center\" style=\"font-size:14px;line-height:1.7\"><strong>Major Prodotti Dentari S.p.A.<\/strong><br>Via Einaudi 23, 10024 Moncalieri (TO), Italy<br>info@bananakit.com<\/p>\n<\/div>\n<\/div>","protected":false},"excerpt":{"rendered":"<p>Un cadeau tr\u00e8s personnel que vous n&rsquo;oublierez jamais Qui sommes-nous Bananakit est une marque de Major Prodotti Dentari S.p.A., une entreprise italienne bas\u00e9e \u00e0 Moncalieri (Turin) qui fabrique des mat\u00e9riaux d&#8217;empreinte dentaire depuis plus de 30 ans. Nous avons apport\u00e9 notre expertise en formulation d&rsquo;alginate et de silicone pour cr\u00e9er le kit de clonage DIY [&hellip;]<\/p>\n","protected":false},"author":0,"featured_media":0,"parent":0,"menu_order":0,"comment_status":"closed","ping_status":"closed","template":"","meta":{"footnotes":""},"class_list":["post-6826","page","type-page","status-publish","hentry"],"aioseo_notices":[],"_links":{"self":[{"href":"https:\/\/bananakit.com\/fr\/wp-json\/wp\/v2\/pages\/6826","targetHints":{"allow":["GET"]}}],"collection":[{"href":"https:\/\/bananakit.com\/fr\/wp-json\/wp\/v2\/pages"}],"about":[{"href":"https:\/\/bananakit.com\/fr\/wp-json\/wp\/v2\/types\/page"}],"replies":[{"embeddable":true,"href":"https:\/\/bananakit.com\/fr\/wp-json\/wp\/v2\/comments?post=6826"}],"version-history":[{"count":0,"href":"https:\/\/bananakit.com\/fr\/wp-json\/wp\/v2\/pages\/6826\/revisions"}],"wp:attachment":[{"href":"https:\/\/bananakit.com\/fr\/wp-json\/wp\/v2\/media?parent=6826"}],"curies":[{"name":"wp","href":"https:\/\/api.w.org\/{rel}","templated":true}]}}