{"id":6693,"date":"2026-04-09T12:06:53","date_gmt":"2026-04-09T11:06:53","guid":{"rendered":"https:\/\/bananakit.com\/ricambi-fr\/silicone-rose\/"},"modified":"2026-04-09T12:21:47","modified_gmt":"2026-04-09T11:21:47","slug":"silicone-rose","status":"publish","type":"page","link":"https:\/\/bananakit.com\/fr\/ricambi-fr\/silicone-rose\/","title":{"rendered":"Silicone Rose"},"content":{"rendered":"\n<div class=\"wp-block-cover alignfull\" style=\"padding-top:var(--wp--preset--spacing--60);padding-right:var(--wp--preset--spacing--30);padding-bottom:var(--wp--preset--spacing--60);padding-left:var(--wp--preset--spacing--30);min-height:380px;aspect-ratio:unset;\"><span aria-hidden=\"true\" class=\"wp-block-cover__background has-background-dim-0 has-background-dim has-background-gradient\" style=\"background:linear-gradient(180deg,rgba(14,12,25,0.55) 0%,rgba(14,12,25,0.75) 100%)\"><\/span><img decoding=\"async\" class=\"wp-block-cover__image-background\" alt=\"\" src=\"https:\/\/bananakit.com\/wp-content\/uploads\/2026\/04\/J1630-PK-Bananakit_Casting_Silicone_Pink-scaled.jpg\" data-object-fit=\"cover\"\/><div class=\"wp-block-cover__inner-container has-global-padding is-layout-constrained wp-container-core-cover-is-layout-05c6b069 wp-block-cover-is-layout-constrained\">\n\n<p class=\"has-text-color\" style=\"color:#ffffff;font-size:13px;font-weight:600;letter-spacing:3px;text-transform:uppercase;text-shadow:0 1px 8px rgba(14,12,25,0.7)\">Recharge silicone<\/p>\n\n\n<h1 class=\"wp-block-heading has-background-color has-text-color\" style=\"font-size:clamp(36px, 5vw, 64px);line-height:1.05;text-shadow:0 2px 20px rgba(14,12,25,0.55)\">Silicone Rose<\/h1>\n\n\n<\/div><\/div>\n\n\n\n<div class=\"wp-block-group alignfull has-global-padding is-layout-constrained wp-container-core-group-is-layout-0cb04e4f wp-block-group-is-layout-constrained\" style=\"padding-top:var(--wp--preset--spacing--60);padding-right:var(--wp--preset--spacing--30);padding-bottom:var(--wp--preset--spacing--60);padding-left:var(--wp--preset--spacing--30)\">\n\n<div class=\"wp-block-columns are-vertically-aligned-center is-layout-flex wp-container-core-columns-is-layout-47c06fe3 wp-block-columns-is-layout-flex\">\n\n<div class=\"wp-block-column is-vertically-aligned-center is-layout-flow wp-block-column-is-layout-flow\" style=\"flex-basis:45%\">\n\n<figure class=\"wp-block-image size-large has-custom-border\"><img loading=\"lazy\" decoding=\"async\" width=\"1600\" height=\"1067\" src=\"https:\/\/bananakit.com\/wp-content\/uploads\/2026\/04\/J1630-PK-Bananakit_Casting_Silicone_Pink-scaled.jpg\" alt=\"Silicone Rose\" class=\"wp-image-6256\" style=\"border-radius:12px\" srcset=\"https:\/\/bananakit.com\/wp-content\/uploads\/2026\/04\/J1630-PK-Bananakit_Casting_Silicone_Pink-scaled.jpg 1600w, https:\/\/bananakit.com\/wp-content\/uploads\/2026\/04\/J1630-PK-Bananakit_Casting_Silicone_Pink-300x200.jpg 300w, https:\/\/bananakit.com\/wp-content\/uploads\/2026\/04\/J1630-PK-Bananakit_Casting_Silicone_Pink-1024x683.jpg 1024w, https:\/\/bananakit.com\/wp-content\/uploads\/2026\/04\/J1630-PK-Bananakit_Casting_Silicone_Pink-768x512.jpg 768w, https:\/\/bananakit.com\/wp-content\/uploads\/2026\/04\/J1630-PK-Bananakit_Casting_Silicone_Pink-1536x1024.jpg 1536w\" sizes=\"auto, (max-width: 1600px) 100vw, 1600px\" \/><\/figure>\n\n<\/div>\n\n\n<div class=\"wp-block-column is-vertically-aligned-center is-layout-flow wp-block-column-is-layout-flow\" style=\"flex-basis:55%\">\n\n<p style=\"font-size:clamp(14px, 0.875rem + ((1vw - 3.2px) * 0.341), 17px);line-height:1.7\">Silicone officiel Bananakit en rose naturel \u2014 la couleur la plus populaire pour un r\u00e9sultat r\u00e9aliste. Facile \u00e0 m\u00e9langer, durcit en 20 minutes. Made in Italy aux standards m\u00e9dicaux.<\/p>\n\n\n\n<h3 class=\"wp-block-heading\" style=\"margin-top:var(--wp--preset--spacing--40);font-size:clamp(14.642px, 0.915rem + ((1vw - 3.2px) * 0.836), 22px);\">Points cl\u00e9s<\/h3>\n\n\n\n<ul class=\"wp-block-list\" style=\"font-size:clamp(14px, 0.875rem + ((1vw - 3.2px) * 0.114), 15px);line-height:1.7\"><li>Recharge officielle Bananakit<\/li><li>Durcit en 20 minutes<\/li><li>Reproduction haute d\u00e9finition<\/li><li>Flexible et durable<\/li><li>Facile \u00e0 utiliser<\/li><li>Made in Italy<\/li><\/ul>\n\n\n\n<h3 class=\"wp-block-heading\" style=\"margin-top:var(--wp--preset--spacing--40);font-size:clamp(14.642px, 0.915rem + ((1vw - 3.2px) * 0.836), 22px);\">Fiche technique<\/h3>\n\n\n\n<figure class=\"wp-block-table\"><table style=\"font-size:14px\"><tbody><tr><td>Contenu<\/td><td>300 ml (150 ml Base + 150 ml Catalyst)<\/td><\/tr><tr><td>Temps de m\u00e9lange<\/td><td>90 sec<\/td><\/tr><tr><td>Temps de travail<\/td><td>5 min<\/td><\/tr><tr><td>Temps de prise<\/td><td>20 min<\/td><\/tr><tr><td>Couleur finale<\/td><td>Pink<\/td><\/tr><\/tbody><\/table><\/figure>\n\n\n\n<div class=\"wp-block-buttons is-content-justification-center is-layout-flex wp-container-core-buttons-is-layout-ca1e6ec4 wp-block-buttons-is-layout-flex\" style=\"margin-top:var(--wp--preset--spacing--40)\">\n\n<div class=\"wp-block-button\"><a class=\"wp-block-button__link wp-element-button\" href=\"https:\/\/www.amazon.fr\/dp\/B0FKBNYLHG\" target=\"_blank\" rel=\"noreferrer noopener\">Acheter sur Amazon<\/a><\/div>\n\n\n<div class=\"wp-block-button is-style-outline is-style-outline--1\"><a class=\"wp-block-button__link wp-element-button\" href=\"https:\/\/bananakit.com\/fr\/ricambi-fr\/\">\u2190 Retour aux recharges<\/a><\/div>\n\n<\/div>\n\n<\/div>\n\n<\/div>\n\n\n\n\n<div class=\"wp-block-group has-border-color has-background is-content-justification-center is-layout-flex wp-container-core-group-is-layout-a17e5fdc wp-block-group-is-layout-flex\" style=\"border-color:#e5e0ec;border-width:1px;border-radius:12px;background-color:#f7f5fa;margin-top:var(--wp--preset--spacing--40);padding-top:var(--wp--preset--spacing--30);padding-bottom:var(--wp--preset--spacing--30)\">\n\n<p style=\"margin-right:24px;font-size:14px;font-weight:600\">&#x1F4E6; Livraison discr\u00e8te \u2014 colis neutre<\/p>\n\n\n<p style=\"margin-right:24px;font-size:14px;font-weight:600\">&#x1F1EE;&#x1F1F9; Made in Italy \u2014 standards dentaires<\/p>\n\n\n<p style=\"font-size:14px;font-weight:600\">&#x1F6E1;&#xFE0F; Silicone m\u00e9dical \u2014 s\u00fbr pour le corps<\/p>\n\n<\/div>\n\n\n<\/div>\n","protected":false},"excerpt":{"rendered":"<p>Silicone officiel Bananakit en rose naturel \u2014 la couleur la plus populaire pour un r\u00e9sultat r\u00e9aliste. Facile \u00e0 m\u00e9langer, durcit en 20 minutes. Made in Italy aux standards m\u00e9dicaux. Points cl\u00e9s Fiche technique Contenu 300 ml (150 ml Base + 150 ml Catalyst) Temps de m\u00e9lange 90 sec Temps de travail 5 min Temps de [&hellip;]<\/p>\n","protected":false},"author":0,"featured_media":0,"parent":6200,"menu_order":0,"comment_status":"closed","ping_status":"closed","template":"","meta":{"footnotes":""},"class_list":["post-6693","page","type-page","status-publish","hentry"],"aioseo_notices":[],"_links":{"self":[{"href":"https:\/\/bananakit.com\/fr\/wp-json\/wp\/v2\/pages\/6693","targetHints":{"allow":["GET"]}}],"collection":[{"href":"https:\/\/bananakit.com\/fr\/wp-json\/wp\/v2\/pages"}],"about":[{"href":"https:\/\/bananakit.com\/fr\/wp-json\/wp\/v2\/types\/page"}],"replies":[{"embeddable":true,"href":"https:\/\/bananakit.com\/fr\/wp-json\/wp\/v2\/comments?post=6693"}],"version-history":[{"count":0,"href":"https:\/\/bananakit.com\/fr\/wp-json\/wp\/v2\/pages\/6693\/revisions"}],"up":[{"embeddable":true,"href":"https:\/\/bananakit.com\/fr\/wp-json\/wp\/v2\/pages\/6200"}],"wp:attachment":[{"href":"https:\/\/bananakit.com\/fr\/wp-json\/wp\/v2\/media?parent=6693"}],"curies":[{"name":"wp","href":"https:\/\/api.w.org\/{rel}","templated":true}]}}