{"id":6271,"date":"2026-04-08T17:53:49","date_gmt":"2026-04-08T16:53:49","guid":{"rendered":"https:\/\/bananakit.com\/kit-fr\/bananakit-brun\/"},"modified":"2026-04-09T12:21:46","modified_gmt":"2026-04-09T11:21:46","slug":"bananakit-brun","status":"publish","type":"page","link":"https:\/\/bananakit.com\/fr\/kit-fr\/bananakit-brun\/","title":{"rendered":"Bananakit Brun"},"content":{"rendered":"\n<div class=\"wp-block-cover alignfull\" style=\"padding-top:var(--wp--preset--spacing--60);padding-right:var(--wp--preset--spacing--30);padding-bottom:var(--wp--preset--spacing--60);padding-left:var(--wp--preset--spacing--30);min-height:380px;aspect-ratio:unset;\"><span aria-hidden=\"true\" class=\"wp-block-cover__background has-background-dim-0 has-background-dim has-background-gradient\" style=\"background:linear-gradient(180deg,rgba(14,12,25,0.55) 0%,rgba(14,12,25,0.75) 100%)\"><\/span><img decoding=\"async\" class=\"wp-block-cover__image-background\" alt=\"\" src=\"https:\/\/bananakit.com\/wp-content\/uploads\/2026\/04\/Bananakit_Man_Brown-Wide-2.jpg\" data-object-fit=\"cover\"\/><div class=\"wp-block-cover__inner-container has-global-padding is-layout-constrained wp-container-core-cover-is-layout-05c6b069 wp-block-cover-is-layout-constrained\">\n\n<p class=\"has-text-color\" style=\"color:#ffffff;font-size:13px;font-weight:600;letter-spacing:3px;text-transform:uppercase\">Le kit complet<\/p>\n\n\n\n<h1 class=\"wp-block-heading has-background-color has-text-color\" style=\"font-size:clamp(36px, 5vw, 64px);line-height:1.05;text-shadow:0 2px 20px rgba(14,12,25,0.55)\">Bananakit Brun<\/h1>\n\n\n\n<p class=\"has-background-color has-text-color\" style=\"margin-top:var(--wp--preset--spacing--20);font-size:clamp(14px, 0.875rem + ((1vw - 3.2px) * 0.682), 20px);font-weight:700;text-shadow:0 1px 8px rgba(14,12,25,0.7)\">Le Bananakit Brun offre un clone en silicone brun chaud et naturel. Le cylindre extra-large (8 cm) s&#039;adapte \u00e0 toute taille jusqu&#039;\u00e0 30 cm. Pr\u00eat en 20 minutes. Le syst\u00e8me anti-d\u00e9bordement garde tout propre. Made in Italy aux standards m\u00e9dicaux.<\/p>\n\n<\/div><\/div>\n\n\n\n<div class=\"wp-block-group alignfull has-global-padding is-layout-constrained wp-container-core-group-is-layout-0cb04e4f wp-block-group-is-layout-constrained\" style=\"padding-top:var(--wp--preset--spacing--60);padding-right:var(--wp--preset--spacing--30);padding-bottom:var(--wp--preset--spacing--60);padding-left:var(--wp--preset--spacing--30)\">\n\n\n<div class=\"wp-block-columns are-vertically-aligned-center is-layout-flex wp-container-core-columns-is-layout-47c06fe3 wp-block-columns-is-layout-flex\">\n\n\n<div class=\"wp-block-column is-vertically-aligned-center is-layout-flow wp-block-column-is-layout-flow\" style=\"flex-basis:55%\">\n\n<figure class=\"wp-block-image size-large has-custom-border\"><img loading=\"lazy\" decoding=\"async\" width=\"1600\" height=\"1528\" src=\"https:\/\/bananakit.com\/wp-content\/uploads\/2026\/04\/J1001-VBR-Bananakit_Brown_Content.jpg\" alt=\"Bananakit Brun \u2014 kit content\" class=\"wp-image-6248\" style=\"border-radius:12px\" srcset=\"https:\/\/bananakit.com\/wp-content\/uploads\/2026\/04\/J1001-VBR-Bananakit_Brown_Content.jpg 1600w, https:\/\/bananakit.com\/wp-content\/uploads\/2026\/04\/J1001-VBR-Bananakit_Brown_Content-300x286.jpg 300w, https:\/\/bananakit.com\/wp-content\/uploads\/2026\/04\/J1001-VBR-Bananakit_Brown_Content-1024x978.jpg 1024w, https:\/\/bananakit.com\/wp-content\/uploads\/2026\/04\/J1001-VBR-Bananakit_Brown_Content-768x733.jpg 768w, https:\/\/bananakit.com\/wp-content\/uploads\/2026\/04\/J1001-VBR-Bananakit_Brown_Content-1536x1467.jpg 1536w\" sizes=\"auto, (max-width: 1600px) 100vw, 1600px\" \/><\/figure>\n\n<\/div>\n\n\n\n<div class=\"wp-block-column is-vertically-aligned-center is-layout-flow wp-block-column-is-layout-flow\" style=\"flex-basis:45%\">\n\n<h2 class=\"wp-block-heading\" style=\"font-size:clamp(22.041px, 1.378rem + ((1vw - 3.2px) * 1.586), 36px);\">Ce qu&#039;il contient<\/h2>\n\n\n\n<p style=\"font-size:clamp(14px, 0.875rem + ((1vw - 3.2px) * 0.341), 17px);line-height:1.7\">Le Bananakit Brun produit un clone en silicone brun chaud et naturel \u2014 une teinte de peau plus profonde r\u00e9alis\u00e9e avec le m\u00eame silicone s\u00fbr de qualit\u00e9 m\u00e9dicale et poudre de mica.<\/p>\n\n\n\n<ul class=\"wp-block-list\" style=\"font-size:clamp(14px, 0.875rem + ((1vw - 3.2px) * 0.227), 16px);line-height:1.7\"><li>200 g d&#039;alginate de moulage \u2014 sans silice cristalline<\/li><li>300 g de silicone premium qualit\u00e9 m\u00e9dicale<\/li><li>10 g de poudre de mica color\u00e9e<\/li><li>1 \u00d7 vibromasseur multi-vitesses<\/li><li>2 \u00d7 feuilles de latex + 2 \u00d7 \u00e9lastiques<\/li><\/ul>\n\n\n\n<div class=\"wp-block-buttons is-layout-flex wp-container-core-buttons-is-layout-48014d12 wp-block-buttons-is-layout-flex\" style=\"margin-top:var(--wp--preset--spacing--40)\">\n<div class=\"wp-block-button\"><a class=\"wp-block-button__link wp-element-button\" href=\"https:\/\/www.amazon.fr\/dp\/B0GWMF2V4F\" target=\"_blank\" rel=\"noreferrer noopener\">Acheter sur Amazon \u2014 Brun<\/a><\/div>\n\n\n\n<div class=\"wp-block-button is-style-outline is-style-outline--1\"><a class=\"wp-block-button__link wp-element-button\" href=\"https:\/\/bananakit.com\/fr\/kit-fr\/\">\u2190 Retour aux kits<\/a><\/div>\n<\/div>\n\n<\/div>\n\n<\/div>\n\n\n\n\n<div class=\"wp-block-group has-border-color has-background is-content-justification-center is-layout-flex wp-container-core-group-is-layout-a17e5fdc wp-block-group-is-layout-flex\" style=\"border-color:#e5e0ec;border-width:1px;border-radius:12px;background-color:#f7f5fa;margin-top:var(--wp--preset--spacing--40);padding-top:var(--wp--preset--spacing--30);padding-bottom:var(--wp--preset--spacing--30)\">\n\n<p style=\"margin-right:24px;font-size:14px;font-weight:600\">&#x1F4E6; Livraison discr\u00e8te \u2014 colis neutre<\/p>\n\n\n<p style=\"margin-right:24px;font-size:14px;font-weight:600\">&#x1F1EE;&#x1F1F9; Made in Italy \u2014 standards dentaires<\/p>\n\n\n<p style=\"font-size:14px;font-weight:600\">&#x1F6E1;&#xFE0F; Silicone m\u00e9dical \u2014 s\u00fbr pour le corps<\/p>\n\n<\/div>\n\n\n<\/div>\n\n\n","protected":false},"excerpt":{"rendered":"<p>Ce qu&#039;il contient Le Bananakit Brun produit un clone en silicone brun chaud et naturel \u2014 une teinte de peau plus profonde r\u00e9alis\u00e9e avec le m\u00eame silicone s\u00fbr de qualit\u00e9 m\u00e9dicale et poudre de mica. &#x1F4E6; Livraison discr\u00e8te \u2014 colis neutre &#x1F1EE;&#x1F1F9; Made in Italy \u2014 standards dentaires &#x1F6E1;&#xFE0F; Silicone m\u00e9dical \u2014 s\u00fbr pour le [&hellip;]<\/p>\n","protected":false},"author":0,"featured_media":0,"parent":6199,"menu_order":0,"comment_status":"closed","ping_status":"closed","template":"","meta":{"footnotes":""},"class_list":["post-6271","page","type-page","status-publish","hentry"],"aioseo_notices":[],"_links":{"self":[{"href":"https:\/\/bananakit.com\/fr\/wp-json\/wp\/v2\/pages\/6271","targetHints":{"allow":["GET"]}}],"collection":[{"href":"https:\/\/bananakit.com\/fr\/wp-json\/wp\/v2\/pages"}],"about":[{"href":"https:\/\/bananakit.com\/fr\/wp-json\/wp\/v2\/types\/page"}],"replies":[{"embeddable":true,"href":"https:\/\/bananakit.com\/fr\/wp-json\/wp\/v2\/comments?post=6271"}],"version-history":[{"count":0,"href":"https:\/\/bananakit.com\/fr\/wp-json\/wp\/v2\/pages\/6271\/revisions"}],"up":[{"embeddable":true,"href":"https:\/\/bananakit.com\/fr\/wp-json\/wp\/v2\/pages\/6199"}],"wp:attachment":[{"href":"https:\/\/bananakit.com\/fr\/wp-json\/wp\/v2\/media?parent=6271"}],"curies":[{"name":"wp","href":"https:\/\/api.w.org\/{rel}","templated":true}]}}