{"id":6198,"date":"2026-04-08T13:43:18","date_gmt":"2026-04-08T12:43:18","guid":{"rendered":"https:\/\/bananakit.com\/prodotti-fr\/"},"modified":"2026-04-09T18:40:41","modified_gmt":"2026-04-09T17:40:41","slug":"prodotti-fr","status":"publish","type":"page","link":"https:\/\/bananakit.com\/fr\/prodotti-fr\/","title":{"rendered":"Produits"},"content":{"rendered":"\n<div class=\"wp-block-cover alignfull\" style=\"padding-top:var(--wp--preset--spacing--60);padding-right:var(--wp--preset--spacing--30);padding-bottom:var(--wp--preset--spacing--60);padding-left:var(--wp--preset--spacing--30);min-height:420px;aspect-ratio:unset;\"><span aria-hidden=\"true\" class=\"wp-block-cover__background has-background-dim-70 has-background-dim\" style=\"background:linear-gradient(180deg,rgba(14,12,25,0.25) 0%,rgba(14,12,25,0.55) 100%)\"><\/span><img decoding=\"async\" class=\"wp-block-cover__image-background\" alt=\"Bananakit product collection\" src=\"https:\/\/bananakit.com\/wp-content\/uploads\/2026\/04\/Banana-products.jpg\" data-object-fit=\"cover\" style=\"object-position:50% 25%\"\/><div class=\"wp-block-cover__inner-container has-global-padding is-layout-constrained wp-container-core-cover-is-layout-ebbcba38 wp-block-cover-is-layout-constrained\">\n\n<p class=\"has-text-color\" style=\"color:#ffffff;font-size:13px;font-weight:600;letter-spacing:3px;text-transform:uppercase;text-shadow:0 1px 8px rgba(14,12,25,0.7)\">La Collection Bananakit<\/p>\n\n\n\n<h1 class=\"wp-block-heading has-background-color has-text-color\" style=\"font-size:clamp(40px, 6vw, 72px);line-height:1.05;text-shadow:0 2px 20px rgba(14,12,25,0.55)\">Produits<\/h1>\n\n\n\n<p class=\"has-background-color has-text-color\" style=\"margin-top:var(--wp--preset--spacing--30);font-size:clamp(14px, 0.875rem + ((1vw - 3.2px) * 0.455), 18px);max-width:550px;text-shadow:0 1px 8px rgba(14,12,25,0.7)\">Kits et recharges pour cr\u00e9er, personnaliser et<br>renouveler votre exp\u00e9rience Bananakit.<\/p>\n\n<\/div><\/div>\n\n\n\n<div class=\"wp-block-group alignfull has-global-padding is-layout-constrained wp-container-core-group-is-layout-ebbcba38 wp-block-group-is-layout-constrained\" style=\"padding-top:var(--wp--preset--spacing--60);padding-right:var(--wp--preset--spacing--30);padding-bottom:var(--wp--preset--spacing--60);padding-left:var(--wp--preset--spacing--30)\">\n\n<div class=\"wp-block-columns is-layout-flex wp-container-core-columns-is-layout-08c01c1c wp-block-columns-is-layout-flex\">\n\n\n<div class=\"wp-block-column is-layout-flow wp-block-column-is-layout-flow\">\n\n<div class=\"wp-block-cover has-custom-content-position is-position-bottom-left\" style=\"border-radius:8px;padding-top:var(--wp--preset--spacing--40);padding-right:var(--wp--preset--spacing--40);padding-bottom:var(--wp--preset--spacing--40);padding-left:var(--wp--preset--spacing--40);min-height:420px;aspect-ratio:unset;\"><span aria-hidden=\"true\" class=\"wp-block-cover__background has-background-dim-70 has-background-dim\" style=\"background:linear-gradient(180deg,rgba(14,12,25,0) 15%,rgba(14,12,25,0.85) 55%)\"><\/span><img decoding=\"async\" class=\"wp-block-cover__image-background\" alt=\"\" src=\"https:\/\/bananakit.com\/wp-content\/uploads\/2026\/04\/Bananakit-BlackandBrown-scaled.png\" data-object-fit=\"cover\"\/><div class=\"wp-block-cover__inner-container is-layout-flow wp-block-cover-is-layout-flow\">\n\n<p class=\"has-text-color\" style=\"color:#ffffff;font-size:12px;font-weight:600;letter-spacing:2px;text-transform:uppercase\">Kit complet<\/p>\n\n\n<h2 class=\"wp-block-heading has-background-color has-text-color\" style=\"font-size:clamp(20px, 1.25rem + ((1vw - 3.2px) * 1.364), 32px);\">Bananakit<\/h2>\n\n\n<p class=\"has-background-color has-text-color\">Tout ce dont vous avez besoin pour cr\u00e9er votre propre clone en silicone : poudre d&#039;alginate, silicone premium, tube de moulage, vibrateur et instructions.<\/p>\n\n\n<div class=\"wp-block-buttons is-layout-flex wp-block-buttons-is-layout-flex\">\n<div class=\"wp-block-button\"><a class=\"wp-block-button__link wp-element-button\" href=\"\/fr\/kit-fr\/\">Voir le Kit<\/a><\/div>\n<\/div>\n\n<\/div><\/div>\n\n<\/div>\n\n\n\n<div class=\"wp-block-column is-layout-flow wp-block-column-is-layout-flow\">\n\n<div class=\"wp-block-cover has-custom-content-position is-position-bottom-left\" style=\"border-radius:8px;padding-top:var(--wp--preset--spacing--40);padding-right:var(--wp--preset--spacing--40);padding-bottom:var(--wp--preset--spacing--40);padding-left:var(--wp--preset--spacing--40);min-height:420px;aspect-ratio:unset;\"><span aria-hidden=\"true\" class=\"wp-block-cover__background has-background-dim-70 has-background-dim\" style=\"background:linear-gradient(180deg,rgba(14,12,25,0) 15%,rgba(14,12,25,0.85) 55%)\"><\/span><img decoding=\"async\" class=\"wp-block-cover__image-background\" alt=\"\" src=\"https:\/\/bananakit.com\/wp-content\/uploads\/2026\/04\/Mix_Silicone_web-scaled.jpg\" data-object-fit=\"cover\"\/><div class=\"wp-block-cover__inner-container is-layout-flow wp-block-cover-is-layout-flow\">\n\n<p class=\"has-text-color\" style=\"color:#ffffff;font-size:12px;font-weight:600;letter-spacing:2px;text-transform:uppercase\">Recharges et accessoires<\/p>\n\n\n<h2 class=\"wp-block-heading has-background-color has-text-color\" style=\"font-size:clamp(20px, 1.25rem + ((1vw - 3.2px) * 1.364), 32px);\">Recharges<\/h2>\n\n\n<p class=\"has-background-color has-text-color\">Recharges en silicone de diff\u00e9rentes couleurs et packs d&#039;alginate suppl\u00e9mentaires pour cr\u00e9er d&#039;autres clones ou r\u00e9utiliser votre tube.<\/p>\n\n\n<div class=\"wp-block-buttons is-layout-flex wp-block-buttons-is-layout-flex\">\n<div class=\"wp-block-button\"><a class=\"wp-block-button__link wp-element-button\" href=\"\/fr\/ricambi-fr\/\">Voir les Recharges<\/a><\/div>\n<\/div>\n\n<\/div><\/div>\n\n<\/div>\n\n<\/div>\n\n<\/div>\n\n\n\n\n<div class=\"wp-block-group alignfull has-background has-global-padding is-layout-constrained wp-container-core-group-is-layout-ac1a304b wp-block-group-is-layout-constrained\" style=\"background-color:#f7f5fa;padding-top:var(--wp--preset--spacing--60);padding-right:var(--wp--preset--spacing--30);padding-bottom:var(--wp--preset--spacing--30);padding-left:var(--wp--preset--spacing--30)\">\n\n<p class=\"has-text-color\" style=\"color:#8300e9;font-size:13px;font-weight:600;letter-spacing:3px;text-transform:uppercase\">Plus qu&#039;un cadeau. C&#039;est une exp\u00e9rience.<\/p>\n\n\n\n<h2 class=\"wp-block-heading has-text-align-center\" style=\"margin-bottom:var(--wp--preset--spacing--20)\">Parfait pour\u2026<\/h2>\n\n\n\n<p class=\"has-text-align-center\" style=\"margin-bottom:var(--wp--preset--spacing--50);font-size:clamp(14px, 0.875rem + ((1vw - 3.2px) * 0.341), 17px);line-height:1.7\">Tout le monde peut offrir des fleurs ou des chocolats. Bananakit transforme un simple cadeau en un moment : le planifier, le faire, en rire, et peut-\u00eatre rougir un peu.<\/p>\n\n\n\n<div class=\"wp-block-columns is-layout-flex wp-container-core-columns-is-layout-ea69a204 wp-block-columns-is-layout-flex\">\n\n<div class=\"wp-block-column is-layout-flow wp-block-column-is-layout-flow\">\n\n<div class=\"wp-block-group has-background has-global-padding is-layout-constrained wp-container-core-group-is-layout-16268051 wp-block-group-is-layout-constrained\" style=\"border-radius:12px;background-color:#ffffff;padding-top:var(--wp--preset--spacing--30);padding-right:var(--wp--preset--spacing--30);padding-bottom:var(--wp--preset--spacing--30);padding-left:var(--wp--preset--spacing--30);box-shadow:0 2px 12px rgba(14,12,25,0.06)\">\n\n<h3 class=\"wp-block-heading\" style=\"font-size:clamp(14px, 0.875rem + ((1vw - 3.2px) * 0.682), 20px);\">Anniversaires<\/h3>\n\n\n<p class=\"has-muted-color has-text-color\" style=\"font-size:clamp(14px, 0.875rem + ((1vw - 3.2px) * 0.114), 15px);\">Surprenez votre partenaire avec un cadeau qui sort vraiment de l&#039;ordinaire.<\/p>\n\n<\/div>\n\n<\/div>\n\n\n<div class=\"wp-block-column is-layout-flow wp-block-column-is-layout-flow\">\n\n<div class=\"wp-block-group has-background has-global-padding is-layout-constrained wp-container-core-group-is-layout-16268051 wp-block-group-is-layout-constrained\" style=\"border-radius:12px;background-color:#ffffff;padding-top:var(--wp--preset--spacing--30);padding-right:var(--wp--preset--spacing--30);padding-bottom:var(--wp--preset--spacing--30);padding-left:var(--wp--preset--spacing--30);box-shadow:0 2px 12px rgba(14,12,25,0.06)\">\n\n<h3 class=\"wp-block-heading\" style=\"font-size:clamp(14px, 0.875rem + ((1vw - 3.2px) * 0.682), 20px);\">Enterrements de Vie de Gar\u00e7on\/Fille<\/h3>\n\n\n<p class=\"has-muted-color has-text-color\" style=\"font-size:clamp(14px, 0.875rem + ((1vw - 3.2px) * 0.114), 15px);\">L&#039;id\u00e9e cadeau coquine qui est en fait ing\u00e9nieuse, amusante et inoubliable.<\/p>\n\n<\/div>\n\n<\/div>\n\n\n<div class=\"wp-block-column is-layout-flow wp-block-column-is-layout-flow\">\n\n<div class=\"wp-block-group has-background has-global-padding is-layout-constrained wp-container-core-group-is-layout-16268051 wp-block-group-is-layout-constrained\" style=\"border-radius:12px;background-color:#ffffff;padding-top:var(--wp--preset--spacing--30);padding-right:var(--wp--preset--spacing--30);padding-bottom:var(--wp--preset--spacing--30);padding-left:var(--wp--preset--spacing--30);box-shadow:0 2px 12px rgba(14,12,25,0.06)\">\n\n<h3 class=\"wp-block-heading\" style=\"font-size:clamp(14px, 0.875rem + ((1vw - 3.2px) * 0.682), 20px);\">Saint-Valentin<\/h3>\n\n\n<p class=\"has-muted-color has-text-color\" style=\"font-size:clamp(14px, 0.875rem + ((1vw - 3.2px) * 0.114), 15px);\">Quand &quot;Je t&#039;aime&quot; signifie aussi &quot;Faisons quelque chose d&#039;un peu fou ensemble.&quot;<\/p>\n\n<\/div>\n\n<\/div>\n\n\n<div class=\"wp-block-column is-layout-flow wp-block-column-is-layout-flow\">\n\n<div class=\"wp-block-group has-background has-global-padding is-layout-constrained wp-container-core-group-is-layout-16268051 wp-block-group-is-layout-constrained\" style=\"border-radius:12px;background-color:#ffffff;padding-top:var(--wp--preset--spacing--30);padding-right:var(--wp--preset--spacing--30);padding-bottom:var(--wp--preset--spacing--30);padding-left:var(--wp--preset--spacing--30);box-shadow:0 2px 12px rgba(14,12,25,0.06)\">\n\n<h3 class=\"wp-block-heading\" style=\"font-size:clamp(14px, 0.875rem + ((1vw - 3.2px) * 0.682), 20px);\">Couples \u00e0 Distance<\/h3>\n\n\n<p class=\"has-muted-color has-text-color\" style=\"font-size:clamp(14px, 0.875rem + ((1vw - 3.2px) * 0.114), 15px);\">Une fa\u00e7on coquine de se sentir un peu plus proches, m\u00eame quand vous \u00eates loin l&#039;un de l&#039;autre.<\/p>\n\n<\/div>\n\n<\/div>\n\n\n<\/div>\n\n<\/div>\n\n","protected":false},"excerpt":{"rendered":"<p>Plus qu&#039;un cadeau. C&#039;est une exp\u00e9rience. Parfait pour\u2026 Tout le monde peut offrir des fleurs ou des chocolats. Bananakit transforme un simple cadeau en un moment : le planifier, le faire, en rire, et peut-\u00eatre rougir un peu. Anniversaires Surprenez votre partenaire avec un cadeau qui sort vraiment de l&#039;ordinaire. Enterrements de Vie de Gar\u00e7on\/Fille [&hellip;]<\/p>\n","protected":false},"author":0,"featured_media":0,"parent":0,"menu_order":0,"comment_status":"closed","ping_status":"closed","template":"","meta":{"footnotes":""},"class_list":["post-6198","page","type-page","status-publish","hentry"],"aioseo_notices":[],"_links":{"self":[{"href":"https:\/\/bananakit.com\/fr\/wp-json\/wp\/v2\/pages\/6198","targetHints":{"allow":["GET"]}}],"collection":[{"href":"https:\/\/bananakit.com\/fr\/wp-json\/wp\/v2\/pages"}],"about":[{"href":"https:\/\/bananakit.com\/fr\/wp-json\/wp\/v2\/types\/page"}],"replies":[{"embeddable":true,"href":"https:\/\/bananakit.com\/fr\/wp-json\/wp\/v2\/comments?post=6198"}],"version-history":[{"count":0,"href":"https:\/\/bananakit.com\/fr\/wp-json\/wp\/v2\/pages\/6198\/revisions"}],"wp:attachment":[{"href":"https:\/\/bananakit.com\/fr\/wp-json\/wp\/v2\/media?parent=6198"}],"curies":[{"name":"wp","href":"https:\/\/api.w.org\/{rel}","templated":true}]}}