{"id":6193,"date":"2026-04-08T13:43:18","date_gmt":"2026-04-08T12:43:18","guid":{"rendered":"https:\/\/bananakit.com\/tutorial-fr\/"},"modified":"2026-04-09T16:39:03","modified_gmt":"2026-04-09T15:39:03","slug":"tutorial-fr","status":"publish","type":"page","link":"https:\/\/bananakit.com\/fr\/tutorial-fr\/","title":{"rendered":"Tutorial"},"content":{"rendered":"\n\n\n<div class=\"wp-block-cover alignfull\" style=\"padding-top:var(--wp--preset--spacing--60);padding-right:var(--wp--preset--spacing--30);padding-bottom:var(--wp--preset--spacing--60);padding-left:var(--wp--preset--spacing--30);min-height:420px;aspect-ratio:unset;\"><span aria-hidden=\"true\" class=\"wp-block-cover__background has-background-dim-0 has-background-dim has-background-gradient\" style=\"background:linear-gradient(90deg,rgba(14,12,25,0.75) 0%,rgba(14,12,25,0.25) 70%,rgba(14,12,25,0) 100%)\"><\/span><img decoding=\"async\" class=\"wp-block-cover__image-background\" alt=\"\" src=\"https:\/\/bananakit.com\/wp-content\/uploads\/2026\/04\/Banana-Tutorial.jpg\" data-object-fit=\"cover\"\/><div class=\"wp-block-cover__inner-container has-global-padding is-layout-constrained wp-container-core-cover-is-layout-ebbcba38 wp-block-cover-is-layout-constrained\">\n\n<p class=\"has-text-color\" style=\"color:#c8a9ef;font-size:13px;font-weight:600;letter-spacing:3px;text-transform:uppercase\">D\u00e9couvre l&rsquo;art du clonage<\/p>\n\n\n\n<h1 class=\"wp-block-heading has-background-color has-text-color\" style=\"font-size:clamp(36px, 5vw, 64px);line-height:1.05;text-shadow:0 2px 20px rgba(14,12,25,0.55)\">Tutoriel BANANAKIT<\/h1>\n\n\n\n<p class=\"has-background-color has-text-color\" style=\"margin-top:var(--wp--preset--spacing--20);font-size:clamp(14px, 0.875rem + ((1vw - 3.2px) * 0.455), 18px);text-shadow:0 1px 8px rgba(14,12,25,0.7)\">D\u00e9couvre les \u00e9tapes simples pour cr\u00e9er ton propre clone personnalis\u00e9 avec notre kit DIY. Parfait pour les d\u00e9butants et les passionn\u00e9s.<\/p>\n\n\n<\/div><\/div>\n\n\n\n<div class=\"wp-block-group alignfull has-global-padding is-layout-constrained wp-container-core-group-is-layout-d7858baa wp-block-group-is-layout-constrained\" style=\"padding-top:var(--wp--preset--spacing--60);padding-right:var(--wp--preset--spacing--30);padding-bottom:var(--wp--preset--spacing--50);padding-left:var(--wp--preset--spacing--30)\">\n\n<h2 class=\"wp-block-heading has-text-align-center\">Ton guide pour cr\u00e9er un clone parfait<\/h2>\n\n\n\n<p class=\"has-text-align-center\" style=\"font-size:clamp(14px, 0.875rem + ((1vw - 3.2px) * 0.455), 18px);line-height:1.7\">Nous sommes ravis de t&rsquo;aider \u00e0 cr\u00e9er un clone unique avec notre kit de moulage DIY. Que ce soit ta premi\u00e8re fois ou que tu sois exp\u00e9riment\u00e9, notre guide pas-\u00e0-pas est con\u00e7u pour rendre le processus simple, amusant et s\u00fbr.<\/p>\n\n<\/div>\n\n\n\n<div class=\"wp-block-group alignfull has-background has-global-padding is-layout-constrained wp-container-core-group-is-layout-6e8b1c8e wp-block-group-is-layout-constrained\" style=\"background-color:#f7f5fa;padding-top:var(--wp--preset--spacing--40);padding-right:var(--wp--preset--spacing--30);padding-bottom:var(--wp--preset--spacing--60);padding-left:var(--wp--preset--spacing--30)\">\n\n<div class=\"wp-block-columns is-layout-flex wp-container-core-columns-is-layout-87beb0d0 wp-block-columns-is-layout-flex\">\n\n\n<div class=\"wp-block-column is-layout-flow wp-block-column-is-layout-flow\">\n\n<div class=\"wp-block-group has-background has-global-padding is-layout-constrained wp-container-core-group-is-layout-8f69a9b3 wp-block-group-is-layout-constrained\" style=\"border-radius:8px;background-color:#ffffff;padding-top:var(--wp--preset--spacing--40);padding-right:var(--wp--preset--spacing--40);padding-bottom:var(--wp--preset--spacing--40);padding-left:var(--wp--preset--spacing--40);box-shadow:0 2px 12px rgba(14,12,25,0.06)\">\n\n<h3 class=\"wp-block-heading\" style=\"font-size:clamp(14.642px, 0.915rem + ((1vw - 3.2px) * 0.836), 22px);\">Utilise de l&rsquo;eau ti\u00e8de<\/h3>\n\n\n<p>Pour de meilleurs r\u00e9sultats, utilise de l&rsquo;eau ti\u00e8de \u2014 ni trop chaude ni trop froide. L&rsquo;eau froide peut faire r\u00e9tr\u00e9cir ta \u00ab\u00a0banane\u00a0\u00bb, compromettant la pr\u00e9cision du moule. L&rsquo;eau ti\u00e8de garde tout d\u00e9tendu et assure un ajustement parfait.<\/p>\n\n<\/div>\n\n<\/div>\n\n\n\n<div class=\"wp-block-column is-layout-flow wp-block-column-is-layout-flow\">\n\n<div class=\"wp-block-group has-background has-global-padding is-layout-constrained wp-container-core-group-is-layout-8f69a9b3 wp-block-group-is-layout-constrained\" style=\"border-radius:8px;background-color:#ffffff;padding-top:var(--wp--preset--spacing--40);padding-right:var(--wp--preset--spacing--40);padding-bottom:var(--wp--preset--spacing--40);padding-left:var(--wp--preset--spacing--40);box-shadow:0 2px 12px rgba(14,12,25,0.06)\">\n\n<h3 class=\"wp-block-heading\" style=\"font-size:clamp(14.642px, 0.915rem + ((1vw - 3.2px) * 0.836), 22px);\">Associe-toi pour plus d&rsquo;aide et de plaisir<\/h3>\n\n\n<p>Faire un moule est une exp\u00e9rience unique, et c&rsquo;est encore mieux quand tu la partages. Difficile de tout faire seul \u2014 un partenaire peut t&rsquo;aider \u00e0 te d\u00e9tendre et \u00e0 profiter du processus.<\/p>\n\n<\/div>\n\n<\/div>\n\n\n\n<div class=\"wp-block-column is-layout-flow wp-block-column-is-layout-flow\">\n\n<div class=\"wp-block-group has-background has-global-padding is-layout-constrained wp-container-core-group-is-layout-8f69a9b3 wp-block-group-is-layout-constrained\" style=\"border-radius:8px;background-color:#ffffff;padding-top:var(--wp--preset--spacing--40);padding-right:var(--wp--preset--spacing--40);padding-bottom:var(--wp--preset--spacing--40);padding-left:var(--wp--preset--spacing--40);box-shadow:0 2px 12px rgba(14,12,25,0.06)\">\n\n<h3 class=\"wp-block-heading\" style=\"font-size:clamp(14.642px, 0.915rem + ((1vw - 3.2px) * 0.836), 22px);\">Choisis un endroit adapt\u00e9<\/h3>\n\n\n<p>Bien que notre kit soit con\u00e7u avec un syst\u00e8me anti-d\u00e9bordement, il est pr\u00e9f\u00e9rable de r\u00e9aliser le clonage dans un endroit o\u00f9 tout d\u00e9versement accidentel peut \u00eatre facilement nettoy\u00e9.<\/p>\n\n<\/div>\n\n<\/div>\n\n<\/div>\n\n<\/div>\n\n\n\n<div class=\"wp-block-group alignfull has-global-padding is-layout-constrained wp-container-core-group-is-layout-d7858baa wp-block-group-is-layout-constrained\" style=\"padding-top:var(--wp--preset--spacing--60);padding-right:var(--wp--preset--spacing--30);padding-bottom:var(--wp--preset--spacing--50);padding-left:var(--wp--preset--spacing--30)\">\n\n<h2 class=\"wp-block-heading has-text-align-center\">Guide vid\u00e9o pas-\u00e0-pas<\/h2>\n\n\n\n<p class=\"has-text-align-center\" style=\"font-size:clamp(14px, 0.875rem + ((1vw - 3.2px) * 0.455), 18px);line-height:1.7\">Regarde notre vid\u00e9o d\u00e9taill\u00e9e ci-dessous pour voir comment cr\u00e9er ton propre moule avec Bananakit. Ce tutoriel facile \u00e0 suivre couvre chaque \u00e9tape du processus.<\/p>\n\n\n\n<figure class=\"wp-block-embed is-type-video\" style=\"margin:var(--wp--preset--spacing--40) auto 0;max-width:900px;\">\n<div style=\"position:relative;padding-bottom:56.25%;height:0;border-radius:8px;overflow:hidden;\">\n<iframe src=\"https:\/\/www.youtube.com\/embed\/0eYmQkwIwbA\" title=\"Bananakit tutorial\" frameborder=\"0\" allow=\"accelerometer; autoplay; clipboard-write; encrypted-media; gyroscope; picture-in-picture; web-share\" allowfullscreen loading=\"lazy\" style=\"position:absolute;inset:0;width:100%;height:100%;\"><\/iframe>\n<\/div>\n<\/figure>\n\n<\/div>\n\n\n\n<div class=\"wp-block-group alignfull has-global-padding is-layout-constrained wp-container-core-group-is-layout-ebbcba38 wp-block-group-is-layout-constrained\" style=\"padding-top:var(--wp--preset--spacing--60);padding-right:var(--wp--preset--spacing--30);padding-bottom:var(--wp--preset--spacing--60);padding-left:var(--wp--preset--spacing--30)\">\n\n<h2 class=\"wp-block-heading has-text-align-center\" style=\"margin-bottom:var(--wp--preset--spacing--50)\">Instructions \u00e9crites<\/h2>\n\n\n\n<ol class=\"wp-block-list\" style=\"font-size:clamp(14px, 0.875rem + ((1vw - 3.2px) * 0.341), 17px);line-height:1.7\">\n<li><strong>STEP 1<\/strong> \u2014 Prends les feuilles de latex et fais une incision, au centre, d&rsquo;environ 3-4 cm sur une feuille et 2 cm sur l&rsquo;autre.<\/li>\n\n\n\n<li><strong>STEP 2<\/strong> \u2014 Ferme une extr\u00e9mit\u00e9 du tube avec la feuille de latex \u00e0 l&rsquo;incision la plus grande et les deux \u00e9lastiques.<\/li>\n\n\n\n<li><strong>STEP 3<\/strong> \u2014 Remplis un r\u00e9cipient d&rsquo;environ 2 litres avec 800 ml d&rsquo;eau du robinet ti\u00e8de.<\/li>\n\n\n\n<li><strong>STEP 4<\/strong> \u2014 Ouvre le tube avec la poudre d&rsquo;alginate, retire le vibromasseur, et verse tout le contenu dans le r\u00e9cipient avec l&rsquo;eau. M\u00e9lange bien pendant environ 30 secondes.<\/li>\n\n\n\n<li><strong>STEP 5<\/strong> \u2014 Ins\u00e8re ta banane en \u00e9rection dans le tube par l&rsquo;ouverture du latex, en veillant \u00e0 ce qu&rsquo;aucune partie ne touche les parois.<\/li>\n\n\n\n<li><strong>STEP 6<\/strong> \u2014 Verse tout le m\u00e9lange d&rsquo;alginate par le haut du tube jusqu&rsquo;\u00e0 ce que la banane soit compl\u00e8tement recouverte. Maintiens la banane stable pendant que le m\u00e9lange prend.<\/li>\n\n\n\n<li><strong>STEP 7<\/strong> \u2014 Une fois que le gel d&rsquo;alginate a durci, retire d\u00e9licatement ta banane du tube.<\/li>\n\n\n\n<li><strong>STEP 8<\/strong> \u2014 Ins\u00e8re le tube qui contenait la poudre d&rsquo;alginate dans celui avec le moule fra\u00eechement cr\u00e9\u00e9, afin d&rsquo;\u00e9viter que le moule se d\u00e9forme.<\/li>\n\n\n\n<li><strong>STEP 9<\/strong> \u2014 Verse le contenu des deux pots de silicone dans un bol et m\u00e9lange pendant environ 1 minute jusqu&rsquo;\u00e0 obtenir un m\u00e9lange homog\u00e8ne.<\/li>\n\n\n\n<li><strong>STEP 10<\/strong> \u2014 Verse le m\u00e9lange de silicone tr\u00e8s lentement dans le moule pour \u00e9viter la formation de bulles d&rsquo;air. Ne remplis pas le moule compl\u00e8tement.<\/li>\n\n\n\n<li><strong>STEP 11<\/strong> \u2014 Ferme le tube avec la feuille de latex et l&rsquo;\u00e9lastique. Puis ins\u00e8re le vibromasseur \u00e0 travers l&rsquo;incision du latex.<\/li>\n\n\n\n<li><strong>STEP 12<\/strong> \u2014 Attends une demi-heure avant de retirer ta r\u00e9plique du moule. Tu peux la laver \u00e0 l&rsquo;eau et au savon pour la garder propre.<\/li>\n<\/ol>\n\n\n\n<div class=\"wp-block-group has-border-color has-background is-content-justification-center is-layout-flex wp-container-core-group-is-layout-a17e5fdc wp-block-group-is-layout-flex\" style=\"border-color:#e5e0ec;border-width:1px;border-radius:12px;background-color:#f7f5fa;margin-top:var(--wp--preset--spacing--40);padding-top:var(--wp--preset--spacing--30);padding-bottom:var(--wp--preset--spacing--30)\">\n\n<p style=\"margin-right:24px;font-size:14px;font-weight:600\">&#x1F4E6; Livraison discr\u00e8te \u2014 colis neutre<\/p>\n\n\n<p style=\"margin-right:24px;font-size:14px;font-weight:600\">&#x1F1EE;&#x1F1F9; Made in Italy \u2014 standards dentaires<\/p>\n\n\n<p style=\"font-size:14px;font-weight:600\">&#x1F6E1;&#xFE0F; Silicone m\u00e9dical \u2014 s\u00fbr pour le corps<\/p>\n\n<\/div>\n\n\n<\/div>\n\n\n","protected":false},"excerpt":{"rendered":"<p>Ton guide pour cr\u00e9er un clone parfait Nous sommes ravis de t&rsquo;aider \u00e0 cr\u00e9er un clone unique avec notre kit de moulage DIY. Que ce soit ta premi\u00e8re fois ou que tu sois exp\u00e9riment\u00e9, notre guide pas-\u00e0-pas est con\u00e7u pour rendre le processus simple, amusant et s\u00fbr. Utilise de l&rsquo;eau ti\u00e8de Pour de meilleurs r\u00e9sultats, [&hellip;]<\/p>\n","protected":false},"author":0,"featured_media":0,"parent":0,"menu_order":0,"comment_status":"closed","ping_status":"closed","template":"","meta":{"footnotes":""},"class_list":["post-6193","page","type-page","status-publish","hentry"],"aioseo_notices":[],"_links":{"self":[{"href":"https:\/\/bananakit.com\/fr\/wp-json\/wp\/v2\/pages\/6193","targetHints":{"allow":["GET"]}}],"collection":[{"href":"https:\/\/bananakit.com\/fr\/wp-json\/wp\/v2\/pages"}],"about":[{"href":"https:\/\/bananakit.com\/fr\/wp-json\/wp\/v2\/types\/page"}],"replies":[{"embeddable":true,"href":"https:\/\/bananakit.com\/fr\/wp-json\/wp\/v2\/comments?post=6193"}],"version-history":[{"count":0,"href":"https:\/\/bananakit.com\/fr\/wp-json\/wp\/v2\/pages\/6193\/revisions"}],"wp:attachment":[{"href":"https:\/\/bananakit.com\/fr\/wp-json\/wp\/v2\/media?parent=6193"}],"curies":[{"name":"wp","href":"https:\/\/api.w.org\/{rel}","templated":true}]}}