{"id":6700,"date":"2026-04-09T12:06:53","date_gmt":"2026-04-09T11:06:53","guid":{"rendered":"https:\/\/bananakit.com\/ricambi-es\/alginato-es\/"},"modified":"2026-04-09T12:21:47","modified_gmt":"2026-04-09T11:21:47","slug":"alginato-es","status":"publish","type":"page","link":"https:\/\/bananakit.com\/es\/ricambi-es\/alginato-es\/","title":{"rendered":"Alginato Bananakit"},"content":{"rendered":"\n<div class=\"wp-block-cover alignfull\" style=\"padding-top:var(--wp--preset--spacing--60);padding-right:var(--wp--preset--spacing--30);padding-bottom:var(--wp--preset--spacing--60);padding-left:var(--wp--preset--spacing--30);min-height:380px;aspect-ratio:unset;\"><span aria-hidden=\"true\" class=\"wp-block-cover__background has-background-dim-0 has-background-dim has-background-gradient\" style=\"background:linear-gradient(180deg,rgba(14,12,25,0.55) 0%,rgba(14,12,25,0.75) 100%)\"><\/span><img decoding=\"async\" class=\"wp-block-cover__image-background\" alt=\"\" src=\"https:\/\/bananakit.com\/wp-content\/uploads\/2026\/04\/Couple_Alginate.jpg\" data-object-fit=\"cover\"\/><div class=\"wp-block-cover__inner-container has-global-padding is-layout-constrained wp-container-core-cover-is-layout-05c6b069 wp-block-cover-is-layout-constrained\">\n\n<p class=\"has-text-color\" style=\"color:#ffffff;font-size:13px;font-weight:600;letter-spacing:3px;text-transform:uppercase;text-shadow:0 1px 8px rgba(14,12,25,0.7)\">Recambio de alginato<\/p>\n\n\n<h1 class=\"wp-block-heading has-background-color has-text-color\" style=\"font-size:clamp(36px, 5vw, 64px);line-height:1.05;text-shadow:0 2px 20px rgba(14,12,25,0.55)\">Alginato Bananakit<\/h1>\n\n\n<\/div><\/div>\n\n\n\n<div class=\"wp-block-group alignfull has-global-padding is-layout-constrained wp-container-core-group-is-layout-0cb04e4f wp-block-group-is-layout-constrained\" style=\"padding-top:var(--wp--preset--spacing--60);padding-right:var(--wp--preset--spacing--30);padding-bottom:var(--wp--preset--spacing--60);padding-left:var(--wp--preset--spacing--30)\">\n\n<div class=\"wp-block-columns are-vertically-aligned-center is-layout-flex wp-container-core-columns-is-layout-47c06fe3 wp-block-columns-is-layout-flex\">\n\n<div class=\"wp-block-column is-vertically-aligned-center is-layout-flow wp-block-column-is-layout-flow\" style=\"flex-basis:45%\">\n\n<figure class=\"wp-block-image size-large has-custom-border\"><img loading=\"lazy\" decoding=\"async\" width=\"1600\" height=\"1600\" src=\"https:\/\/bananakit.com\/wp-content\/uploads\/2026\/04\/Couple_Alginate.jpg\" alt=\"Alginato Bananakit\" class=\"wp-image-6586\" style=\"border-radius:12px\" srcset=\"https:\/\/bananakit.com\/wp-content\/uploads\/2026\/04\/Couple_Alginate.jpg 1600w, https:\/\/bananakit.com\/wp-content\/uploads\/2026\/04\/Couple_Alginate-300x300.jpg 300w, https:\/\/bananakit.com\/wp-content\/uploads\/2026\/04\/Couple_Alginate-1024x1024.jpg 1024w, https:\/\/bananakit.com\/wp-content\/uploads\/2026\/04\/Couple_Alginate-150x150.jpg 150w, https:\/\/bananakit.com\/wp-content\/uploads\/2026\/04\/Couple_Alginate-768x768.jpg 768w, https:\/\/bananakit.com\/wp-content\/uploads\/2026\/04\/Couple_Alginate-1536x1536.jpg 1536w\" sizes=\"auto, (max-width: 1600px) 100vw, 1600px\" \/><\/figure>\n\n<\/div>\n\n\n<div class=\"wp-block-column is-vertically-aligned-center is-layout-flow wp-block-column-is-layout-flow\" style=\"flex-basis:55%\">\n\n<p style=\"font-size:clamp(14px, 0.875rem + ((1vw - 3.2px) * 0.341), 17px);line-height:1.7\">Alginato oficial Bananakit \u2014 el m\u00e1s seguro del mercado. Cada sobre para dos moldes. Sin s\u00edlice cristalina, cadmio ni plomo. Biodegradable. Made in Italy.<\/p>\n\n\n\n<h3 class=\"wp-block-heading\" style=\"margin-top:var(--wp--preset--spacing--40);font-size:clamp(14.642px, 0.915rem + ((1vw - 3.2px) * 0.836), 22px);\">Caracter\u00edsticas<\/h3>\n\n\n\n<ul class=\"wp-block-list\" style=\"font-size:clamp(14px, 0.875rem + ((1vw - 3.2px) * 0.114), 15px);line-height:1.7\"><li>1 sobre = 2 moldes<\/li><li>Seguro para la piel \u2014 hipoalerg\u00e9nico<\/li><li>Sin s\u00edlice, cadmio ni plomo<\/li><li>Detalle ultra-fino<\/li><li>F\u00f3rmula f\u00e1cil<\/li><li>Biodegradable<\/li><\/ul>\n\n\n\n<h3 class=\"wp-block-heading\" style=\"margin-top:var(--wp--preset--spacing--40);font-size:clamp(14.642px, 0.915rem + ((1vw - 3.2px) * 0.836), 22px);\">Especificaciones<\/h3>\n\n\n\n<figure class=\"wp-block-table\"><table style=\"font-size:14px\"><tbody><tr><td>Contenido<\/td><td>453 g \/ 1 lb<\/td><\/tr><tr><td>Tiempo de mezcla<\/td><td>45 sec<\/td><\/tr><tr><td>Tiempo de trabajo<\/td><td>3 min<\/td><\/tr><tr><td>Tiempo de fraguado<\/td><td>5 min<\/td><\/tr><tr><td>Color final<\/td><td>White<\/td><\/tr><\/tbody><\/table><\/figure>\n\n\n\n<div class=\"wp-block-buttons is-content-justification-center is-layout-flex wp-container-core-buttons-is-layout-ca1e6ec4 wp-block-buttons-is-layout-flex\" style=\"margin-top:var(--wp--preset--spacing--40)\">\n\n<div class=\"wp-block-button\"><a class=\"wp-block-button__link wp-element-button\" href=\"https:\/\/www.amazon.es\/dp\/B0DQF31JCJ\" target=\"_blank\" rel=\"noreferrer noopener\">Comprar en Amazon<\/a><\/div>\n\n\n<div class=\"wp-block-button is-style-outline is-style-outline--1\"><a class=\"wp-block-button__link wp-element-button\" href=\"https:\/\/bananakit.com\/es\/ricambi-es\/\">\u2190 Volver a recambios<\/a><\/div>\n\n<\/div>\n\n<\/div>\n\n<\/div>\n\n\n\n\n<div class=\"wp-block-group has-border-color has-background is-content-justification-center is-layout-flex wp-container-core-group-is-layout-a17e5fdc wp-block-group-is-layout-flex\" style=\"border-color:#e5e0ec;border-width:1px;border-radius:12px;background-color:#f7f5fa;margin-top:var(--wp--preset--spacing--40);padding-top:var(--wp--preset--spacing--30);padding-bottom:var(--wp--preset--spacing--30)\">\n\n<p style=\"margin-right:24px;font-size:14px;font-weight:600\">&#x1F4E6; Env\u00edo discreto \u2014 caja sin marca<\/p>\n\n\n<p style=\"margin-right:24px;font-size:14px;font-weight:600\">&#x1F1EE;&#x1F1F9; Made in Italy \u2014 est\u00e1ndares dentales<\/p>\n\n\n<p style=\"font-size:14px;font-weight:600\">&#x1F6E1;&#xFE0F; Silicona de grado m\u00e9dico \u2014 segura<\/p>\n\n<\/div>\n\n\n<\/div>\n","protected":false},"excerpt":{"rendered":"<p>Alginato oficial Bananakit \u2014 el m\u00e1s seguro del mercado. Cada sobre para dos moldes. Sin s\u00edlice cristalina, cadmio ni plomo. Biodegradable. Made in Italy. Caracter\u00edsticas Especificaciones Contenido 453 g \/ 1 lb Tiempo de mezcla 45 sec Tiempo de trabajo 3 min Tiempo de fraguado 5 min Color final White &#x1F4E6; Env\u00edo discreto \u2014 caja [&hellip;]<\/p>\n","protected":false},"author":0,"featured_media":0,"parent":6211,"menu_order":0,"comment_status":"closed","ping_status":"closed","template":"","meta":{"footnotes":""},"class_list":["post-6700","page","type-page","status-publish","hentry"],"aioseo_notices":[],"_links":{"self":[{"href":"https:\/\/bananakit.com\/es\/wp-json\/wp\/v2\/pages\/6700","targetHints":{"allow":["GET"]}}],"collection":[{"href":"https:\/\/bananakit.com\/es\/wp-json\/wp\/v2\/pages"}],"about":[{"href":"https:\/\/bananakit.com\/es\/wp-json\/wp\/v2\/types\/page"}],"replies":[{"embeddable":true,"href":"https:\/\/bananakit.com\/es\/wp-json\/wp\/v2\/comments?post=6700"}],"version-history":[{"count":0,"href":"https:\/\/bananakit.com\/es\/wp-json\/wp\/v2\/pages\/6700\/revisions"}],"up":[{"embeddable":true,"href":"https:\/\/bananakit.com\/es\/wp-json\/wp\/v2\/pages\/6211"}],"wp:attachment":[{"href":"https:\/\/bananakit.com\/es\/wp-json\/wp\/v2\/media?parent=6700"}],"curies":[{"name":"wp","href":"https:\/\/api.w.org\/{rel}","templated":true}]}}