{"id":6211,"date":"2026-04-08T13:43:18","date_gmt":"2026-04-08T12:43:18","guid":{"rendered":"https:\/\/bananakit.com\/ricambi-es\/"},"modified":"2026-04-09T18:06:16","modified_gmt":"2026-04-09T17:06:16","slug":"ricambi-es","status":"publish","type":"page","link":"https:\/\/bananakit.com\/es\/ricambi-es\/","title":{"rendered":"Recambios"},"content":{"rendered":"\n<div class=\"wp-block-cover alignfull\" style=\"padding-top:var(--wp--preset--spacing--60);padding-right:var(--wp--preset--spacing--30);padding-bottom:var(--wp--preset--spacing--60);padding-left:var(--wp--preset--spacing--30);min-height:380px;aspect-ratio:unset;\"><span aria-hidden=\"true\" class=\"wp-block-cover__background has-background-dim-60 has-background-dim\" style=\"background:linear-gradient(90deg,rgba(14,12,25,0.85) 0%,rgba(14,12,25,0.4) 45%,rgba(14,12,25,0) 75%)\"><\/span><img decoding=\"async\" class=\"wp-block-cover__image-background\" alt=\"Bananakit silicone refills\" src=\"https:\/\/bananakit.com\/wp-content\/uploads\/2026\/04\/Bananakit_Refills.jpg\" data-object-fit=\"cover\"\/><div class=\"wp-block-cover__inner-container has-global-padding is-layout-constrained wp-container-core-cover-is-layout-ebbcba38 wp-block-cover-is-layout-constrained\">\n\n<div class=\"wp-block-group is-layout-flow wp-container-core-group-is-layout-81d5c4b5 wp-block-group-is-layout-flow\" style=\"max-width:550px\">\n\n<p class=\"has-text-color\" style=\"color:#ffffff;font-size:13px;font-weight:600;letter-spacing:3px;text-transform:uppercase\">Recambios &amp; materiales<\/p>\n\n\n\n<h1 class=\"wp-block-heading has-background-color has-text-color\" style=\"font-size:clamp(36px, 5vw, 64px);line-height:1.05;text-shadow:0 2px 20px rgba(14,12,25,0.55)\">Recambios<\/h1>\n\n\n\n<p class=\"has-background-color has-text-color\" style=\"margin-top:var(--wp--preset--spacing--20);font-size:clamp(14px, 0.875rem + ((1vw - 3.2px) * 0.455), 18px);text-shadow:0 1px 8px rgba(14,12,25,0.7)\">Reutiliza tu tubo de moldeo y crea m\u00e1s clones con nuestras recargas de silicona y paquetes extra de alginato.<\/p>\n\n<\/div>\n\n<\/div><\/div>\n\n\n\n<div class=\"wp-block-group alignfull has-global-padding is-layout-constrained wp-container-core-group-is-layout-0812af74 wp-block-group-is-layout-constrained\" style=\"padding-top:var(--wp--preset--spacing--60);padding-right:var(--wp--preset--spacing--30);padding-bottom:var(--wp--preset--spacing--50);padding-left:var(--wp--preset--spacing--30)\">\n\n<h2 class=\"wp-block-heading has-text-align-center\" style=\"margin-bottom:var(--wp--preset--spacing--20)\">Recambios de silicona<\/h2>\n\n\n\n<p class=\"has-text-align-center\" style=\"margin-bottom:var(--wp--preset--spacing--50);font-size:clamp(14px, 0.875rem + ((1vw - 3.2px) * 0.341), 17px);line-height:1.7\">Silicona de repuesto oficial Bananakit. Se cura en solo 20 minutos en un molde flexible y duradero con un acabado suave y realista. Fluye f\u00e1cilmente para captar texturas y contornos finos. Parte A + Parte B, 150 ml cada una. Fabricado en Italia con est\u00e1ndares de grado m\u00e9dico.<\/p>\n\n\n\n<div class=\"wp-block-columns is-layout-flex wp-container-core-columns-is-layout-87beb0d0 wp-block-columns-is-layout-flex\">\n\n<div class=\"wp-block-column is-layout-flow wp-block-column-is-layout-flow\">\n\n<div class=\"wp-block-group has-background has-global-padding is-layout-constrained wp-container-core-group-is-layout-9f7552f6 wp-block-group-is-layout-constrained\" style=\"border-radius:12px;background-color:#ffffff;padding-top:var(--wp--preset--spacing--30);padding-right:var(--wp--preset--spacing--30);padding-bottom:var(--wp--preset--spacing--30);padding-left:var(--wp--preset--spacing--30);box-shadow:0 4px 20px rgba(14,12,25,0.06)\">\n\n<figure class=\"wp-block-image size-large has-custom-border\"><img loading=\"lazy\" decoding=\"async\" width=\"1600\" height=\"1067\" src=\"https:\/\/bananakit.com\/wp-content\/uploads\/2026\/04\/J1630-PK-Bananakit_Casting_Silicone_Pink-scaled.jpg\" alt=\"Silicone Pink\" class=\"wp-image-6256\" style=\"border-radius:8px\" srcset=\"https:\/\/bananakit.com\/wp-content\/uploads\/2026\/04\/J1630-PK-Bananakit_Casting_Silicone_Pink-scaled.jpg 1600w, https:\/\/bananakit.com\/wp-content\/uploads\/2026\/04\/J1630-PK-Bananakit_Casting_Silicone_Pink-300x200.jpg 300w, https:\/\/bananakit.com\/wp-content\/uploads\/2026\/04\/J1630-PK-Bananakit_Casting_Silicone_Pink-1024x683.jpg 1024w, https:\/\/bananakit.com\/wp-content\/uploads\/2026\/04\/J1630-PK-Bananakit_Casting_Silicone_Pink-768x512.jpg 768w, https:\/\/bananakit.com\/wp-content\/uploads\/2026\/04\/J1630-PK-Bananakit_Casting_Silicone_Pink-1536x1024.jpg 1536w\" sizes=\"auto, (max-width: 1600px) 100vw, 1600px\" \/><\/figure>\n\n\n\n<div class=\"wp-block-group is-content-justification-space-between is-nowrap is-layout-flex wp-container-core-group-is-layout-c0dd7891 wp-block-group-is-layout-flex\">\n\n<h3 class=\"wp-block-heading has-text-align-center\" style=\"margin-top:0;margin-bottom:0;font-size:clamp(14.642px, 0.915rem + ((1vw - 3.2px) * 0.836), 22px);\">Silicona Rosa<\/h3>\n\n<\/div>\n\n\n\n<p class=\"has-muted-color has-text-color\" style=\"font-size:14px\">Silicona rosa natural \u2014 150 ml Base + 150 ml Catalizador. SKU J1630-PK.<\/p>\n\n\n\n<div class=\"wp-block-buttons is-content-justification-center is-layout-flex wp-container-core-buttons-is-layout-a89b3969 wp-block-buttons-is-layout-flex\">\n<div class=\"wp-block-button\"><a class=\"wp-block-button__link wp-element-button\" href=\"\/es\/ricambi-es\/silicona-rosa\/\">Ver detalles<\/a><\/div>\n<\/div>\n\n<\/div>\n\n<\/div>\n\n\n\n<div class=\"wp-block-column is-layout-flow wp-block-column-is-layout-flow\">\n\n<div class=\"wp-block-group has-background has-global-padding is-layout-constrained wp-container-core-group-is-layout-9f7552f6 wp-block-group-is-layout-constrained\" style=\"border-radius:12px;background-color:#ffffff;padding-top:var(--wp--preset--spacing--30);padding-right:var(--wp--preset--spacing--30);padding-bottom:var(--wp--preset--spacing--30);padding-left:var(--wp--preset--spacing--30);box-shadow:0 4px 20px rgba(14,12,25,0.06)\">\n\n<figure class=\"wp-block-image size-large has-custom-border\"><img loading=\"lazy\" decoding=\"async\" width=\"1600\" height=\"1067\" src=\"https:\/\/bananakit.com\/wp-content\/uploads\/2026\/04\/J1630-BK-Bananakit_Casting_Silicone_Black-scaled.jpg\" alt=\"Silicone Black\" class=\"wp-image-6257\" style=\"border-radius:8px\" srcset=\"https:\/\/bananakit.com\/wp-content\/uploads\/2026\/04\/J1630-BK-Bananakit_Casting_Silicone_Black-scaled.jpg 1600w, https:\/\/bananakit.com\/wp-content\/uploads\/2026\/04\/J1630-BK-Bananakit_Casting_Silicone_Black-300x200.jpg 300w, https:\/\/bananakit.com\/wp-content\/uploads\/2026\/04\/J1630-BK-Bananakit_Casting_Silicone_Black-1024x683.jpg 1024w, https:\/\/bananakit.com\/wp-content\/uploads\/2026\/04\/J1630-BK-Bananakit_Casting_Silicone_Black-768x512.jpg 768w, https:\/\/bananakit.com\/wp-content\/uploads\/2026\/04\/J1630-BK-Bananakit_Casting_Silicone_Black-1536x1024.jpg 1536w\" sizes=\"auto, (max-width: 1600px) 100vw, 1600px\" \/><\/figure>\n\n\n\n<div class=\"wp-block-group is-content-justification-space-between is-nowrap is-layout-flex wp-container-core-group-is-layout-c0dd7891 wp-block-group-is-layout-flex\">\n\n<h3 class=\"wp-block-heading has-text-align-center\" style=\"margin-top:0;margin-bottom:0;font-size:clamp(14.642px, 0.915rem + ((1vw - 3.2px) * 0.836), 22px);\">Silicona Negra<\/h3>\n\n<\/div>\n\n\n\n<p class=\"has-muted-color has-text-color\" style=\"font-size:14px\">Silicona negra con polvo de mica \u2014 150 ml Base + 150 ml Catalizador + 10 g polvo de color. SKU J1630-BK.<\/p>\n\n\n\n<div class=\"wp-block-buttons is-content-justification-center is-layout-flex wp-container-core-buttons-is-layout-a89b3969 wp-block-buttons-is-layout-flex\">\n<div class=\"wp-block-button\"><a class=\"wp-block-button__link wp-element-button\" href=\"\/es\/ricambi-es\/silicona-negra\/\">Ver detalles<\/a><\/div>\n<\/div>\n\n<\/div>\n\n<\/div>\n\n\n\n<div class=\"wp-block-column is-layout-flow wp-block-column-is-layout-flow\">\n\n<div class=\"wp-block-group has-background has-global-padding is-layout-constrained wp-container-core-group-is-layout-9f7552f6 wp-block-group-is-layout-constrained\" style=\"border-radius:12px;background-color:#ffffff;padding-top:var(--wp--preset--spacing--30);padding-right:var(--wp--preset--spacing--30);padding-bottom:var(--wp--preset--spacing--30);padding-left:var(--wp--preset--spacing--30);box-shadow:0 4px 20px rgba(14,12,25,0.06)\">\n\n<figure class=\"wp-block-image size-large has-custom-border\"><img loading=\"lazy\" decoding=\"async\" width=\"1600\" height=\"1067\" src=\"https:\/\/bananakit.com\/wp-content\/uploads\/2026\/04\/J1630-BR-Bananakit_Casting_Silicone_Brown-scaled.jpg\" alt=\"Silicone Brown\" class=\"wp-image-6258\" style=\"border-radius:8px\" srcset=\"https:\/\/bananakit.com\/wp-content\/uploads\/2026\/04\/J1630-BR-Bananakit_Casting_Silicone_Brown-scaled.jpg 1600w, https:\/\/bananakit.com\/wp-content\/uploads\/2026\/04\/J1630-BR-Bananakit_Casting_Silicone_Brown-300x200.jpg 300w, https:\/\/bananakit.com\/wp-content\/uploads\/2026\/04\/J1630-BR-Bananakit_Casting_Silicone_Brown-1024x683.jpg 1024w, https:\/\/bananakit.com\/wp-content\/uploads\/2026\/04\/J1630-BR-Bananakit_Casting_Silicone_Brown-768x512.jpg 768w, https:\/\/bananakit.com\/wp-content\/uploads\/2026\/04\/J1630-BR-Bananakit_Casting_Silicone_Brown-1536x1024.jpg 1536w\" sizes=\"auto, (max-width: 1600px) 100vw, 1600px\" \/><\/figure>\n\n\n\n<div class=\"wp-block-group is-content-justification-space-between is-nowrap is-layout-flex wp-container-core-group-is-layout-c0dd7891 wp-block-group-is-layout-flex\">\n\n<h3 class=\"wp-block-heading has-text-align-center\" style=\"margin-top:0;margin-bottom:0;font-size:clamp(14.642px, 0.915rem + ((1vw - 3.2px) * 0.836), 22px);\">Silicona Marr\u00f3n<\/h3>\n\n<\/div>\n\n\n\n<p class=\"has-muted-color has-text-color\" style=\"font-size:14px\">Silicona marr\u00f3n c\u00e1lido con polvo de mica \u2014 150 ml Base + 150 ml Catalizador + 10 g polvo de color. SKU J1630-BR.<\/p>\n\n\n\n<div class=\"wp-block-buttons is-content-justification-center is-layout-flex wp-container-core-buttons-is-layout-a89b3969 wp-block-buttons-is-layout-flex\">\n<div class=\"wp-block-button\"><a class=\"wp-block-button__link wp-element-button\" href=\"\/es\/ricambi-es\/silicona-marron\/\">Ver detalles<\/a><\/div>\n<\/div>\n\n<\/div>\n\n<\/div>\n\n<\/div>\n\n<\/div>\n\n\n\n<div class=\"wp-block-group alignfull has-background has-global-padding is-layout-constrained wp-container-core-group-is-layout-cdf12fc3 wp-block-group-is-layout-constrained\" style=\"background-color:#f7f5fa;padding-top:var(--wp--preset--spacing--50);padding-right:var(--wp--preset--spacing--30);padding-bottom:var(--wp--preset--spacing--60);padding-left:var(--wp--preset--spacing--30)\">\n\n<h2 class=\"wp-block-heading has-text-align-center\" style=\"margin-bottom:var(--wp--preset--spacing--20)\">Polvo de moldeo<\/h2>\n\n\n\n<p class=\"has-text-align-center\" style=\"margin-bottom:var(--wp--preset--spacing--40);font-size:clamp(14px, 0.875rem + ((1vw - 3.2px) * 0.341), 17px);line-height:1.7\">Alginato de repuesto oficial Bananakit. Cada sobre contiene suficiente polvo para hacer dos moldes \u2014 crea dos reproducciones desde cero. Seguro para la piel, hipoalerg\u00e9nico, f\u00f3rmula no t\u00f3xica. Completamente libre de s\u00edlice cristalina, cadmio y plomo. Elaborado con ingredientes naturales derivados de algas marinas, totalmente biodegradable. Fabricado en Italia con est\u00e1ndares de grado dental.<\/p>\n\n\n\n<div class=\"wp-block-columns is-layout-flex wp-container-core-columns-is-layout-28f84493 wp-block-columns-is-layout-flex\">\n<div class=\"wp-block-column is-layout-flow wp-block-column-is-layout-flow\" style=\"flex-basis:25%\"><\/div>\n<div class=\"wp-block-column is-layout-flow wp-block-column-is-layout-flow\" style=\"flex-basis:25%\">\n\n<div class=\"wp-block-column is-layout-flow wp-block-column-is-layout-flow\">\n\n<div class=\"wp-block-group has-background has-global-padding is-layout-constrained wp-container-core-group-is-layout-9f7552f6 wp-block-group-is-layout-constrained\" style=\"border-radius:12px;background-color:#ffffff;padding-top:var(--wp--preset--spacing--30);padding-right:var(--wp--preset--spacing--30);padding-bottom:var(--wp--preset--spacing--30);padding-left:var(--wp--preset--spacing--30);box-shadow:0 4px 20px rgba(14,12,25,0.06)\">\n\n<figure class=\"wp-block-image size-large has-custom-border\"><img decoding=\"async\" src=\"https:\/\/bananakit.com\/wp-content\/uploads\/2026\/04\/Couple_Alginate.jpg\" alt=\"Bananakit Alginate\" class=\"wp-image-6259\" style=\"border-radius:8px\"\/><\/figure>\n\n\n\n<div class=\"wp-block-group is-content-justification-space-between is-nowrap is-layout-flex wp-container-core-group-is-layout-c0dd7891 wp-block-group-is-layout-flex\">\n\n<h3 class=\"wp-block-heading has-text-align-center\" style=\"margin-top:0;margin-bottom:0;font-size:clamp(14.642px, 0.915rem + ((1vw - 3.2px) * 0.836), 22px);\">Bananakit Alginato<\/h3>\n\n<\/div>\n\n\n\n<p class=\"has-muted-color has-text-color\" style=\"font-size:14px\">450 g de polvo de moldeo \u2014 libre de s\u00edlice cristalina. SKU J1601.<\/p>\n\n\n\n<div class=\"wp-block-buttons is-content-justification-center is-layout-flex wp-container-core-buttons-is-layout-a89b3969 wp-block-buttons-is-layout-flex\">\n<div class=\"wp-block-button\"><a class=\"wp-block-button__link wp-element-button\" href=\"\/es\/ricambi-es\/alginato-es\/\">Ver detalles<\/a><\/div>\n<\/div>\n\n<\/div>\n\n<\/div>\n\n<\/div>\n<div class=\"wp-block-column is-layout-flow wp-block-column-is-layout-flow\" style=\"flex-basis:25%\"><\/div>\n<\/div>\n\n\n\n\n<div class=\"wp-block-group has-border-color has-background is-content-justification-center is-layout-flex wp-container-core-group-is-layout-a17e5fdc wp-block-group-is-layout-flex\" style=\"border-color:#e5e0ec;border-width:1px;border-radius:12px;background-color:#f7f5fa;margin-top:var(--wp--preset--spacing--40);padding-top:var(--wp--preset--spacing--30);padding-bottom:var(--wp--preset--spacing--30)\">\n\n<p style=\"margin-right:24px;font-size:14px;font-weight:600\">&#x1F4E6; Env\u00edo discreto \u2014 caja neutra, sin nombre de marca<\/p>\n\n\n<p style=\"margin-right:24px;font-size:14px;font-weight:600\">&#x1F1EE;&#x1F1F9; Fabricado en Italia \u2014 est\u00e1ndares de grado dental<\/p>\n\n\n<p style=\"font-size:14px;font-weight:600\">&#x1F6E1;&#xFE0F; Silicona de grado m\u00e9dico \u2014 segura para el cuerpo<\/p>\n\n<\/div>\n\n\n<\/div>\n\n","protected":false},"excerpt":{"rendered":"<p>Recambios de silicona Silicona de repuesto oficial Bananakit. Se cura en solo 20 minutos en un molde flexible y duradero con un acabado suave y realista. Fluye f\u00e1cilmente para captar texturas y contornos finos. Parte A + Parte B, 150 ml cada una. Fabricado en Italia con est\u00e1ndares de grado m\u00e9dico. Silicona Rosa Silicona rosa [&hellip;]<\/p>\n","protected":false},"author":0,"featured_media":0,"parent":0,"menu_order":0,"comment_status":"closed","ping_status":"closed","template":"","meta":{"footnotes":""},"class_list":["post-6211","page","type-page","status-publish","hentry"],"aioseo_notices":[],"_links":{"self":[{"href":"https:\/\/bananakit.com\/es\/wp-json\/wp\/v2\/pages\/6211","targetHints":{"allow":["GET"]}}],"collection":[{"href":"https:\/\/bananakit.com\/es\/wp-json\/wp\/v2\/pages"}],"about":[{"href":"https:\/\/bananakit.com\/es\/wp-json\/wp\/v2\/types\/page"}],"replies":[{"embeddable":true,"href":"https:\/\/bananakit.com\/es\/wp-json\/wp\/v2\/comments?post=6211"}],"version-history":[{"count":0,"href":"https:\/\/bananakit.com\/es\/wp-json\/wp\/v2\/pages\/6211\/revisions"}],"wp:attachment":[{"href":"https:\/\/bananakit.com\/es\/wp-json\/wp\/v2\/media?parent=6211"}],"curies":[{"name":"wp","href":"https:\/\/api.w.org\/{rel}","templated":true}]}}