{"id":6208,"date":"2026-04-08T13:43:18","date_gmt":"2026-04-08T12:43:18","guid":{"rendered":"https:\/\/bananakit.com\/privacy-es\/"},"modified":"2026-04-09T10:05:59","modified_gmt":"2026-04-09T09:05:59","slug":"privacy-es","status":"publish","type":"page","link":"https:\/\/bananakit.com\/es\/privacy-es\/","title":{"rendered":"Pol\u00edtica de privacidad"},"content":{"rendered":"\n<div class=\"wp-block-group alignfull has-global-padding is-layout-constrained wp-container-core-group-is-layout-6a4b838d wp-block-group-is-layout-constrained\" style=\"padding-top:var(--wp--preset--spacing--60);padding-right:var(--wp--preset--spacing--30);padding-bottom:var(--wp--preset--spacing--60);padding-left:var(--wp--preset--spacing--30)\">\n\n<h1 class=\"wp-block-heading has-text-align-center\">Pol\u00edtica de privacidad<\/h1>\n\n\n\n<p class=\"has-text-align-center\" style=\"margin-bottom:var(--wp--preset--spacing--40);font-size:clamp(14px, 0.875rem + ((1vw - 3.2px) * 0.227), 16px);\">Nuestra pol\u00edtica de privacidad completa est\u00e1 gestionada y servida por Iubenda. El documento se mantiene autom\u00e1ticamente actualizado con los \u00faltimos requisitos legales.<\/p>\n\n\n\n<div style=\"text-align:center;padding:32px;background:#f7f5fa;border-radius:8px;\">\n<a href=\"https:\/\/www.iubenda.com\/privacy-policy\/17066534\" class=\"iubenda-white iubenda-noiframe iubenda-embed iubenda-noiframe\" title=\"Pol\u00edtica de privacidad\" style=\"display:inline-block;padding:14px 32px;background:#8300E9;color:#ffffff;border-radius:100px;font-family:'Open Sans',sans-serif;font-size:15px;font-weight:600;text-decoration:none;\">Open full Pol\u00edtica de privacidad<\/a>\n<\/div>\n<script type=\"text\/javascript\">(function (w,d) {var loader = function () {var s = d.createElement(\"script\"), tag = d.getElementsByTagName(\"script\")[0]; s.src=\"https:\/\/cdn.iubenda.com\/iubenda.js\"; tag.parentNode.insertBefore(s,tag);}; if(w.addEventListener){w.addEventListener(\"load\", loader, false);}else if(w.attachEvent){w.attachEvent(\"onload\", loader);}else{w.onload = loader;}})(window, document);<\/script>\n\n<\/div>\n\n","protected":false},"excerpt":{"rendered":"<p>Pol\u00edtica de privacidad Nuestra pol\u00edtica de privacidad completa est\u00e1 gestionada y servida por Iubenda. El documento se mantiene autom\u00e1ticamente actualizado con los \u00faltimos requisitos legales. Open full Pol\u00edtica de privacidad<\/p>\n","protected":false},"author":0,"featured_media":0,"parent":0,"menu_order":0,"comment_status":"closed","ping_status":"closed","template":"","meta":{"footnotes":""},"class_list":["post-6208","page","type-page","status-publish","hentry"],"aioseo_notices":[],"_links":{"self":[{"href":"https:\/\/bananakit.com\/es\/wp-json\/wp\/v2\/pages\/6208","targetHints":{"allow":["GET"]}}],"collection":[{"href":"https:\/\/bananakit.com\/es\/wp-json\/wp\/v2\/pages"}],"about":[{"href":"https:\/\/bananakit.com\/es\/wp-json\/wp\/v2\/types\/page"}],"replies":[{"embeddable":true,"href":"https:\/\/bananakit.com\/es\/wp-json\/wp\/v2\/comments?post=6208"}],"version-history":[{"count":0,"href":"https:\/\/bananakit.com\/es\/wp-json\/wp\/v2\/pages\/6208\/revisions"}],"wp:attachment":[{"href":"https:\/\/bananakit.com\/es\/wp-json\/wp\/v2\/media?parent=6208"}],"curies":[{"name":"wp","href":"https:\/\/api.w.org\/{rel}","templated":true}]}}