{"id":6204,"date":"2026-04-08T13:43:18","date_gmt":"2026-04-08T12:43:18","guid":{"rendered":"https:\/\/bananakit.com\/tutorial-es\/"},"modified":"2026-04-09T16:39:03","modified_gmt":"2026-04-09T15:39:03","slug":"tutorial-es","status":"publish","type":"page","link":"https:\/\/bananakit.com\/es\/tutorial-es\/","title":{"rendered":"Tutorial"},"content":{"rendered":"\n\n\n<div class=\"wp-block-cover alignfull\" style=\"padding-top:var(--wp--preset--spacing--60);padding-right:var(--wp--preset--spacing--30);padding-bottom:var(--wp--preset--spacing--60);padding-left:var(--wp--preset--spacing--30);min-height:420px;aspect-ratio:unset;\"><span aria-hidden=\"true\" class=\"wp-block-cover__background has-background-dim-0 has-background-dim has-background-gradient\" style=\"background:linear-gradient(90deg,rgba(14,12,25,0.75) 0%,rgba(14,12,25,0.25) 70%,rgba(14,12,25,0) 100%)\"><\/span><img decoding=\"async\" class=\"wp-block-cover__image-background\" alt=\"\" src=\"https:\/\/bananakit.com\/wp-content\/uploads\/2026\/04\/Banana-Tutorial.jpg\" data-object-fit=\"cover\"\/><div class=\"wp-block-cover__inner-container has-global-padding is-layout-constrained wp-container-core-cover-is-layout-ebbcba38 wp-block-cover-is-layout-constrained\">\n\n<p class=\"has-text-color\" style=\"color:#c8a9ef;font-size:13px;font-weight:600;letter-spacing:3px;text-transform:uppercase\">Descubre el arte del clonado<\/p>\n\n\n\n<h1 class=\"wp-block-heading has-background-color has-text-color\" style=\"font-size:clamp(36px, 5vw, 64px);line-height:1.05;text-shadow:0 2px 20px rgba(14,12,25,0.55)\">Tutorial BANANAKIT<\/h1>\n\n\n\n<p class=\"has-background-color has-text-color\" style=\"margin-top:var(--wp--preset--spacing--20);font-size:clamp(14px, 0.875rem + ((1vw - 3.2px) * 0.455), 18px);text-shadow:0 1px 8px rgba(14,12,25,0.7)\">Descubre los sencillos pasos para crear tu propio clon personalizado con nuestro kit DIY. Perfecto para principiantes y entusiastas.<\/p>\n\n\n<\/div><\/div>\n\n\n\n<div class=\"wp-block-group alignfull has-global-padding is-layout-constrained wp-container-core-group-is-layout-d7858baa wp-block-group-is-layout-constrained\" style=\"padding-top:var(--wp--preset--spacing--60);padding-right:var(--wp--preset--spacing--30);padding-bottom:var(--wp--preset--spacing--50);padding-left:var(--wp--preset--spacing--30)\">\n\n<h2 class=\"wp-block-heading has-text-align-center\">Tu gu\u00eda para crear un clon perfecto<\/h2>\n\n\n\n<p class=\"has-text-align-center\" style=\"font-size:clamp(14px, 0.875rem + ((1vw - 3.2px) * 0.455), 18px);line-height:1.7\">Estamos encantados de ayudarte a crear un clon \u00fanico con nuestro kit de moldeado DIY. Tanto si es tu primera vez como si eres un usuario experimentado, nuestra gu\u00eda paso a paso hace que el proceso sea simple, divertido y seguro.<\/p>\n\n<\/div>\n\n\n\n<div class=\"wp-block-group alignfull has-background has-global-padding is-layout-constrained wp-container-core-group-is-layout-6e8b1c8e wp-block-group-is-layout-constrained\" style=\"background-color:#f7f5fa;padding-top:var(--wp--preset--spacing--40);padding-right:var(--wp--preset--spacing--30);padding-bottom:var(--wp--preset--spacing--60);padding-left:var(--wp--preset--spacing--30)\">\n\n<div class=\"wp-block-columns is-layout-flex wp-container-core-columns-is-layout-87beb0d0 wp-block-columns-is-layout-flex\">\n\n\n<div class=\"wp-block-column is-layout-flow wp-block-column-is-layout-flow\">\n\n<div class=\"wp-block-group has-background has-global-padding is-layout-constrained wp-container-core-group-is-layout-8f69a9b3 wp-block-group-is-layout-constrained\" style=\"border-radius:8px;background-color:#ffffff;padding-top:var(--wp--preset--spacing--40);padding-right:var(--wp--preset--spacing--40);padding-bottom:var(--wp--preset--spacing--40);padding-left:var(--wp--preset--spacing--40);box-shadow:0 2px 12px rgba(14,12,25,0.06)\">\n\n<h3 class=\"wp-block-heading\" style=\"font-size:clamp(14.642px, 0.915rem + ((1vw - 3.2px) * 0.836), 22px);\">Usa agua tibia<\/h3>\n\n\n<p>Para mejores resultados, usa agua tibia \u2014 ni demasiado caliente ni demasiado fr\u00eda. El agua fr\u00eda puede hacer que tu \u00abbanana\u00bb se encoja, afectando la precisi\u00f3n del molde. El agua tibia mantiene todo relajado y garantiza un ajuste perfecto.<\/p>\n\n<\/div>\n\n<\/div>\n\n\n\n<div class=\"wp-block-column is-layout-flow wp-block-column-is-layout-flow\">\n\n<div class=\"wp-block-group has-background has-global-padding is-layout-constrained wp-container-core-group-is-layout-8f69a9b3 wp-block-group-is-layout-constrained\" style=\"border-radius:8px;background-color:#ffffff;padding-top:var(--wp--preset--spacing--40);padding-right:var(--wp--preset--spacing--40);padding-bottom:var(--wp--preset--spacing--40);padding-left:var(--wp--preset--spacing--40);box-shadow:0 2px 12px rgba(14,12,25,0.06)\">\n\n<h3 class=\"wp-block-heading\" style=\"font-size:clamp(14.642px, 0.915rem + ((1vw - 3.2px) * 0.836), 22px);\">Hazlo en pareja para m\u00e1s ayuda y diversi\u00f3n<\/h3>\n\n\n<p>Hacer un molde es una experiencia \u00fanica, y es a\u00fan mejor cuando la compartes. Es dif\u00edcil hacer todo solo \u2014 una pareja puede ayudarte a relajarte y disfrutar del proceso.<\/p>\n\n<\/div>\n\n<\/div>\n\n\n\n<div class=\"wp-block-column is-layout-flow wp-block-column-is-layout-flow\">\n\n<div class=\"wp-block-group has-background has-global-padding is-layout-constrained wp-container-core-group-is-layout-8f69a9b3 wp-block-group-is-layout-constrained\" style=\"border-radius:8px;background-color:#ffffff;padding-top:var(--wp--preset--spacing--40);padding-right:var(--wp--preset--spacing--40);padding-bottom:var(--wp--preset--spacing--40);padding-left:var(--wp--preset--spacing--40);box-shadow:0 2px 12px rgba(14,12,25,0.06)\">\n\n<h3 class=\"wp-block-heading\" style=\"font-size:clamp(14.642px, 0.915rem + ((1vw - 3.2px) * 0.836), 22px);\">Elige un lugar adecuado<\/h3>\n\n\n<p>Aunque nuestro kit est\u00e1 dise\u00f1ado con un sistema anti-derrames, es mejor realizar el clonado en un lugar donde cualquier derrame accidental pueda limpiarse f\u00e1cilmente.<\/p>\n\n<\/div>\n\n<\/div>\n\n<\/div>\n\n<\/div>\n\n\n\n<div class=\"wp-block-group alignfull has-global-padding is-layout-constrained wp-container-core-group-is-layout-d7858baa wp-block-group-is-layout-constrained\" style=\"padding-top:var(--wp--preset--spacing--60);padding-right:var(--wp--preset--spacing--30);padding-bottom:var(--wp--preset--spacing--50);padding-left:var(--wp--preset--spacing--30)\">\n\n<h2 class=\"wp-block-heading has-text-align-center\">Gu\u00eda en v\u00eddeo paso a paso<\/h2>\n\n\n\n<p class=\"has-text-align-center\" style=\"font-size:clamp(14px, 0.875rem + ((1vw - 3.2px) * 0.455), 18px);line-height:1.7\">Mira nuestro v\u00eddeo detallado a continuaci\u00f3n para ver c\u00f3mo crear tu propio molde con Bananakit. Este tutorial f\u00e1cil de seguir cubre cada paso del proceso.<\/p>\n\n\n\n<figure class=\"wp-block-embed is-type-video\" style=\"margin:var(--wp--preset--spacing--40) auto 0;max-width:900px;\">\n<div style=\"position:relative;padding-bottom:56.25%;height:0;border-radius:8px;overflow:hidden;\">\n<iframe src=\"https:\/\/www.youtube.com\/embed\/h5_UygHV93E\" title=\"Bananakit tutorial\" frameborder=\"0\" allow=\"accelerometer; autoplay; clipboard-write; encrypted-media; gyroscope; picture-in-picture; web-share\" allowfullscreen loading=\"lazy\" style=\"position:absolute;inset:0;width:100%;height:100%;\"><\/iframe>\n<\/div>\n<\/figure>\n\n<\/div>\n\n\n\n<div class=\"wp-block-group alignfull has-global-padding is-layout-constrained wp-container-core-group-is-layout-ebbcba38 wp-block-group-is-layout-constrained\" style=\"padding-top:var(--wp--preset--spacing--60);padding-right:var(--wp--preset--spacing--30);padding-bottom:var(--wp--preset--spacing--60);padding-left:var(--wp--preset--spacing--30)\">\n\n<h2 class=\"wp-block-heading has-text-align-center\" style=\"margin-bottom:var(--wp--preset--spacing--50)\">Instrucciones escritas<\/h2>\n\n\n\n<ol class=\"wp-block-list\" style=\"font-size:clamp(14px, 0.875rem + ((1vw - 3.2px) * 0.341), 17px);line-height:1.7\">\n<li><strong>STEP 1<\/strong> \u2014 Toma las l\u00e1minas de l\u00e1tex y haz un corte, en el centro, de unos 3-4 cm en una l\u00e1mina y 2 cm en la otra.<\/li>\n\n\n\n<li><strong>STEP 2<\/strong> \u2014 Cierra un extremo del tubo con la l\u00e1mina de l\u00e1tex del corte m\u00e1s grande y las dos gomas.<\/li>\n\n\n\n<li><strong>STEP 3<\/strong> \u2014 Llena un recipiente de unos 2 litros con 800 ml de agua del grifo tibia.<\/li>\n\n\n\n<li><strong>STEP 4<\/strong> \u2014 Abre el tubo con el alginato en polvo, retira el vibrador, y vierte todo el contenido en el recipiente con el agua. Mezcla bien durante unos 30 segundos.<\/li>\n\n\n\n<li><strong>STEP 5<\/strong> \u2014 Inserta tu banana erecta en el tubo por la abertura del l\u00e1tex, asegur\u00e1ndote de que ninguna parte toque las paredes del tubo.<\/li>\n\n\n\n<li><strong>STEP 6<\/strong> \u2014 Vierte toda la mezcla de alginato desde la parte superior del tubo hasta que la banana est\u00e9 completamente cubierta. Mant\u00e9n la banana estable mientras la mezcla se solidifica.<\/li>\n\n\n\n<li><strong>STEP 7<\/strong> \u2014 Una vez que el gel de alginato se haya endurecido, retira suavemente la banana del tubo.<\/li>\n\n\n\n<li><strong>STEP 8<\/strong> \u2014 Introduce el tubo que conten\u00eda el alginato en polvo en el del molde reci\u00e9n hecho, para evitar que el molde se deforme.<\/li>\n\n\n\n<li><strong>STEP 9<\/strong> \u2014 Vierte el contenido de los dos botes de silicona en un bol y mezcla durante 1 minuto hasta obtener una mezcla homog\u00e9nea.<\/li>\n\n\n\n<li><strong>STEP 10<\/strong> \u2014 Vierte la mezcla de silicona muy lentamente en el molde para evitar la formaci\u00f3n de burbujas de aire. No llenes el molde completamente.<\/li>\n\n\n\n<li><strong>STEP 11<\/strong> \u2014 Cierra el tubo con la l\u00e1mina de l\u00e1tex y la goma. Luego inserta el vibrador a trav\u00e9s del corte del l\u00e1tex.<\/li>\n\n\n\n<li><strong>STEP 12<\/strong> \u2014 Espera media hora antes de retirar tu r\u00e9plica del molde. Puedes lavarla con agua y jab\u00f3n para mantenerla limpia.<\/li>\n<\/ol>\n\n\n\n<div class=\"wp-block-group has-border-color has-background is-content-justification-center is-layout-flex wp-container-core-group-is-layout-a17e5fdc wp-block-group-is-layout-flex\" style=\"border-color:#e5e0ec;border-width:1px;border-radius:12px;background-color:#f7f5fa;margin-top:var(--wp--preset--spacing--40);padding-top:var(--wp--preset--spacing--30);padding-bottom:var(--wp--preset--spacing--30)\">\n\n<p style=\"margin-right:24px;font-size:14px;font-weight:600\">&#x1F4E6; Env\u00edo discreto \u2014 caja sin marca<\/p>\n\n\n<p style=\"margin-right:24px;font-size:14px;font-weight:600\">&#x1F1EE;&#x1F1F9; Made in Italy \u2014 est\u00e1ndares dentales<\/p>\n\n\n<p style=\"font-size:14px;font-weight:600\">&#x1F6E1;&#xFE0F; Silicona de grado m\u00e9dico \u2014 segura<\/p>\n\n<\/div>\n\n\n<\/div>\n\n\n","protected":false},"excerpt":{"rendered":"<p>Tu gu\u00eda para crear un clon perfecto Estamos encantados de ayudarte a crear un clon \u00fanico con nuestro kit de moldeado DIY. Tanto si es tu primera vez como si eres un usuario experimentado, nuestra gu\u00eda paso a paso hace que el proceso sea simple, divertido y seguro. Usa agua tibia Para mejores resultados, usa [&hellip;]<\/p>\n","protected":false},"author":0,"featured_media":0,"parent":0,"menu_order":0,"comment_status":"closed","ping_status":"closed","template":"","meta":{"footnotes":""},"class_list":["post-6204","page","type-page","status-publish","hentry"],"aioseo_notices":[],"_links":{"self":[{"href":"https:\/\/bananakit.com\/es\/wp-json\/wp\/v2\/pages\/6204","targetHints":{"allow":["GET"]}}],"collection":[{"href":"https:\/\/bananakit.com\/es\/wp-json\/wp\/v2\/pages"}],"about":[{"href":"https:\/\/bananakit.com\/es\/wp-json\/wp\/v2\/types\/page"}],"replies":[{"embeddable":true,"href":"https:\/\/bananakit.com\/es\/wp-json\/wp\/v2\/comments?post=6204"}],"version-history":[{"count":0,"href":"https:\/\/bananakit.com\/es\/wp-json\/wp\/v2\/pages\/6204\/revisions"}],"wp:attachment":[{"href":"https:\/\/bananakit.com\/es\/wp-json\/wp\/v2\/media?parent=6204"}],"curies":[{"name":"wp","href":"https:\/\/api.w.org\/{rel}","templated":true}]}}