{"id":6266,"date":"2026-04-08T17:53:49","date_gmt":"2026-04-08T16:53:49","guid":{"rendered":"https:\/\/bananakit.com\/kit-de\/bananakit-pink-de\/"},"modified":"2026-04-09T12:21:46","modified_gmt":"2026-04-09T11:21:46","slug":"bananakit-pink-de","status":"publish","type":"page","link":"https:\/\/bananakit.com\/de\/kit-de\/bananakit-pink-de\/","title":{"rendered":"Bananakit Pink"},"content":{"rendered":"\n<div class=\"wp-block-cover alignfull\" style=\"padding-top:var(--wp--preset--spacing--60);padding-right:var(--wp--preset--spacing--30);padding-bottom:var(--wp--preset--spacing--60);padding-left:var(--wp--preset--spacing--30);min-height:380px;aspect-ratio:unset;\"><span aria-hidden=\"true\" class=\"wp-block-cover__background has-background-dim-0 has-background-dim has-background-gradient\" style=\"background:linear-gradient(180deg,rgba(14,12,25,0.55) 0%,rgba(14,12,25,0.75) 100%)\"><\/span><img decoding=\"async\" class=\"wp-block-cover__image-background\" alt=\"\" src=\"https:\/\/bananakit.com\/wp-content\/uploads\/2026\/04\/Bananakit_Man_Pink-Wide-2.jpg\" data-object-fit=\"cover\"\/><div class=\"wp-block-cover__inner-container has-global-padding is-layout-constrained wp-container-core-cover-is-layout-05c6b069 wp-block-cover-is-layout-constrained\">\n\n<p class=\"has-text-color\" style=\"color:#ffffff;font-size:13px;font-weight:600;letter-spacing:3px;text-transform:uppercase\">Das Komplettset<\/p>\n\n\n\n<h1 class=\"wp-block-heading has-background-color has-text-color\" style=\"font-size:clamp(36px, 5vw, 64px);line-height:1.05;text-shadow:0 2px 20px rgba(14,12,25,0.55)\">Bananakit Pink<\/h1>\n\n\n\n<p class=\"has-background-color has-text-color\" style=\"margin-top:var(--wp--preset--spacing--20);font-size:clamp(14px, 0.875rem + ((1vw - 3.2px) * 0.682), 20px);font-weight:700;text-shadow:0 1px 8px rgba(14,12,25,0.7)\">Das Bananakit Pink erzeugt einen nat\u00fcrlichen, realistischen Silikonklon in Hautfarbe. Der extra-breite Zylinder (8 cm Durchmesser) erleichtert das Einf\u00fchren und passt f\u00fcr jede Gr\u00f6\u00dfe bis 30 cm. In nur 20 Minuten fertig \u2014 kein Schneiden, kein Messen, kein Stress. Das Anti-Versch\u00fctt-System h\u00e4lt alles sauber. Made in Italy von Dentalprofis mit medizinischen Standards.<\/p>\n\n<\/div><\/div>\n\n\n\n<div class=\"wp-block-group alignfull has-global-padding is-layout-constrained wp-container-core-group-is-layout-0cb04e4f wp-block-group-is-layout-constrained\" style=\"padding-top:var(--wp--preset--spacing--60);padding-right:var(--wp--preset--spacing--30);padding-bottom:var(--wp--preset--spacing--60);padding-left:var(--wp--preset--spacing--30)\">\n\n\n<div class=\"wp-block-columns are-vertically-aligned-center is-layout-flex wp-container-core-columns-is-layout-47c06fe3 wp-block-columns-is-layout-flex\">\n\n\n<div class=\"wp-block-column is-vertically-aligned-center is-layout-flow wp-block-column-is-layout-flow\" style=\"flex-basis:55%\">\n\n<figure class=\"wp-block-image size-large has-custom-border\"><img loading=\"lazy\" decoding=\"async\" width=\"1600\" height=\"1233\" src=\"https:\/\/bananakit.com\/wp-content\/uploads\/2026\/04\/J1001-VP-Bananakit_Content-Pink.jpg\" alt=\"Bananakit Pink \u2014 kit content\" class=\"wp-image-6244\" style=\"border-radius:12px\" srcset=\"https:\/\/bananakit.com\/wp-content\/uploads\/2026\/04\/J1001-VP-Bananakit_Content-Pink.jpg 1600w, https:\/\/bananakit.com\/wp-content\/uploads\/2026\/04\/J1001-VP-Bananakit_Content-Pink-300x231.jpg 300w, https:\/\/bananakit.com\/wp-content\/uploads\/2026\/04\/J1001-VP-Bananakit_Content-Pink-1024x789.jpg 1024w, https:\/\/bananakit.com\/wp-content\/uploads\/2026\/04\/J1001-VP-Bananakit_Content-Pink-768x592.jpg 768w, https:\/\/bananakit.com\/wp-content\/uploads\/2026\/04\/J1001-VP-Bananakit_Content-Pink-1536x1184.jpg 1536w\" sizes=\"auto, (max-width: 1600px) 100vw, 1600px\" \/><\/figure>\n\n<\/div>\n\n\n\n<div class=\"wp-block-column is-vertically-aligned-center is-layout-flow wp-block-column-is-layout-flow\" style=\"flex-basis:45%\">\n\n<h2 class=\"wp-block-heading\" style=\"font-size:clamp(22.041px, 1.378rem + ((1vw - 3.2px) * 1.586), 36px);\">Was enthalten ist<\/h2>\n\n\n\n<p style=\"font-size:clamp(14px, 0.875rem + ((1vw - 3.2px) * 0.341), 17px);line-height:1.7\">Das Bananakit Pink schenkt dir einen nat\u00fcrlichen, realistischen Silikonklon in Hautfarbe. Perfekt f\u00fcr ein lebensechtes Ergebnis mit dem Komfort medizinisch zugelassener Premium-Materialien.<\/p>\n\n\n\n<ul class=\"wp-block-list\" style=\"font-size:clamp(14px, 0.875rem + ((1vw - 3.2px) * 0.227), 16px);line-height:1.7\"><li>200 g Abformalginat \u2014 frei von kristallinem Siliziumdioxid<\/li><li>300 g Premium-Silikon medizinischer Qualit\u00e4t<\/li><li>1 \u00d7 mehrstufiger Massagevibrator<\/li><li>2 \u00d7 Latexbl\u00e4tter + 2 \u00d7 Gummib\u00e4nder<\/li><li>Bebilderte Schritt-f\u00fcr-Schritt-Anleitung<\/li><\/ul>\n\n\n\n<div class=\"wp-block-buttons is-layout-flex wp-container-core-buttons-is-layout-48014d12 wp-block-buttons-is-layout-flex\" style=\"margin-top:var(--wp--preset--spacing--40)\">\n<div class=\"wp-block-button\"><a class=\"wp-block-button__link wp-element-button\" href=\"https:\/\/www.amazon.de\/dp\/B0DSWKXZVK\" target=\"_blank\" rel=\"noreferrer noopener\">Auf Amazon kaufen \u2014 Pink<\/a><\/div>\n\n\n\n<div class=\"wp-block-button is-style-outline is-style-outline--1\"><a class=\"wp-block-button__link wp-element-button\" href=\"https:\/\/bananakit.com\/de\/kit-de\/\">\u2190 Zur\u00fcck zu allen Sets<\/a><\/div>\n<\/div>\n\n<\/div>\n\n<\/div>\n\n\n\n\n<div class=\"wp-block-group has-border-color has-background is-content-justification-center is-layout-flex wp-container-core-group-is-layout-a17e5fdc wp-block-group-is-layout-flex\" style=\"border-color:#e5e0ec;border-width:1px;border-radius:12px;background-color:#f7f5fa;margin-top:var(--wp--preset--spacing--40);padding-top:var(--wp--preset--spacing--30);padding-bottom:var(--wp--preset--spacing--30)\">\n\n<p style=\"margin-right:24px;font-size:14px;font-weight:600\">&#x1F4E6; Diskreter Versand \u2014 neutraler Karton<\/p>\n\n\n<p style=\"margin-right:24px;font-size:14px;font-weight:600\">&#x1F1EE;&#x1F1F9; Made in Italy \u2014 Dentalstandards<\/p>\n\n\n<p style=\"font-size:14px;font-weight:600\">&#x1F6E1;&#xFE0F; Medizinisches Silikon \u2014 k\u00f6rpersicher<\/p>\n\n<\/div>\n\n\n<\/div>\n\n","protected":false},"excerpt":{"rendered":"<p>Was enthalten ist Das Bananakit Pink schenkt dir einen nat\u00fcrlichen, realistischen Silikonklon in Hautfarbe. Perfekt f\u00fcr ein lebensechtes Ergebnis mit dem Komfort medizinisch zugelassener Premium-Materialien. &#x1F4E6; Diskreter Versand \u2014 neutraler Karton &#x1F1EE;&#x1F1F9; Made in Italy \u2014 Dentalstandards &#x1F6E1;&#xFE0F; Medizinisches Silikon \u2014 k\u00f6rpersicher<\/p>\n","protected":false},"author":0,"featured_media":0,"parent":6188,"menu_order":0,"comment_status":"closed","ping_status":"closed","template":"","meta":{"footnotes":""},"class_list":["post-6266","page","type-page","status-publish","hentry"],"aioseo_notices":[],"_links":{"self":[{"href":"https:\/\/bananakit.com\/de\/wp-json\/wp\/v2\/pages\/6266","targetHints":{"allow":["GET"]}}],"collection":[{"href":"https:\/\/bananakit.com\/de\/wp-json\/wp\/v2\/pages"}],"about":[{"href":"https:\/\/bananakit.com\/de\/wp-json\/wp\/v2\/types\/page"}],"replies":[{"embeddable":true,"href":"https:\/\/bananakit.com\/de\/wp-json\/wp\/v2\/comments?post=6266"}],"version-history":[{"count":0,"href":"https:\/\/bananakit.com\/de\/wp-json\/wp\/v2\/pages\/6266\/revisions"}],"up":[{"embeddable":true,"href":"https:\/\/bananakit.com\/de\/wp-json\/wp\/v2\/pages\/6188"}],"wp:attachment":[{"href":"https:\/\/bananakit.com\/de\/wp-json\/wp\/v2\/media?parent=6266"}],"curies":[{"name":"wp","href":"https:\/\/api.w.org\/{rel}","templated":true}]}}