{"id":6187,"date":"2026-04-08T13:43:18","date_gmt":"2026-04-08T12:43:18","guid":{"rendered":"https:\/\/bananakit.com\/prodotti-de\/"},"modified":"2026-04-09T18:40:41","modified_gmt":"2026-04-09T17:40:41","slug":"prodotti-de","status":"publish","type":"page","link":"https:\/\/bananakit.com\/de\/prodotti-de\/","title":{"rendered":"Produkte"},"content":{"rendered":"\n<div class=\"wp-block-cover alignfull\" style=\"padding-top:var(--wp--preset--spacing--60);padding-right:var(--wp--preset--spacing--30);padding-bottom:var(--wp--preset--spacing--60);padding-left:var(--wp--preset--spacing--30);min-height:420px;aspect-ratio:unset;\"><span aria-hidden=\"true\" class=\"wp-block-cover__background has-background-dim-70 has-background-dim\" style=\"background:linear-gradient(180deg,rgba(14,12,25,0.25) 0%,rgba(14,12,25,0.55) 100%)\"><\/span><img decoding=\"async\" class=\"wp-block-cover__image-background\" alt=\"Bananakit product collection\" src=\"https:\/\/bananakit.com\/wp-content\/uploads\/2026\/04\/Banana-products.jpg\" data-object-fit=\"cover\" style=\"object-position:50% 25%\"\/><div class=\"wp-block-cover__inner-container has-global-padding is-layout-constrained wp-container-core-cover-is-layout-ebbcba38 wp-block-cover-is-layout-constrained\">\n\n<p class=\"has-text-color\" style=\"color:#ffffff;font-size:13px;font-weight:600;letter-spacing:3px;text-transform:uppercase;text-shadow:0 1px 8px rgba(14,12,25,0.7)\">Die Bananakit Kollektion<\/p>\n\n\n\n<h1 class=\"wp-block-heading has-background-color has-text-color\" style=\"font-size:clamp(40px, 6vw, 72px);line-height:1.05;text-shadow:0 2px 20px rgba(14,12,25,0.55)\">Produkte<\/h1>\n\n\n\n<p class=\"has-background-color has-text-color\" style=\"margin-top:var(--wp--preset--spacing--30);font-size:clamp(14px, 0.875rem + ((1vw - 3.2px) * 0.455), 18px);max-width:550px;text-shadow:0 1px 8px rgba(14,12,25,0.7)\">Kits und Nachf\u00fcllungen zum Erstellen, Anpassen und<br>Erneuern deines Bananakit-Erlebnisses.<\/p>\n\n<\/div><\/div>\n\n\n\n<div class=\"wp-block-group alignfull has-global-padding is-layout-constrained wp-container-core-group-is-layout-ebbcba38 wp-block-group-is-layout-constrained\" style=\"padding-top:var(--wp--preset--spacing--60);padding-right:var(--wp--preset--spacing--30);padding-bottom:var(--wp--preset--spacing--60);padding-left:var(--wp--preset--spacing--30)\">\n\n<div class=\"wp-block-columns is-layout-flex wp-container-core-columns-is-layout-08c01c1c wp-block-columns-is-layout-flex\">\n\n\n<div class=\"wp-block-column is-layout-flow wp-block-column-is-layout-flow\">\n\n<div class=\"wp-block-cover has-custom-content-position is-position-bottom-left\" style=\"border-radius:8px;padding-top:var(--wp--preset--spacing--40);padding-right:var(--wp--preset--spacing--40);padding-bottom:var(--wp--preset--spacing--40);padding-left:var(--wp--preset--spacing--40);min-height:420px;aspect-ratio:unset;\"><span aria-hidden=\"true\" class=\"wp-block-cover__background has-background-dim-70 has-background-dim\" style=\"background:linear-gradient(180deg,rgba(14,12,25,0) 15%,rgba(14,12,25,0.85) 55%)\"><\/span><img decoding=\"async\" class=\"wp-block-cover__image-background\" alt=\"\" src=\"https:\/\/bananakit.com\/wp-content\/uploads\/2026\/04\/Bananakit-BlackandBrown-scaled.png\" data-object-fit=\"cover\"\/><div class=\"wp-block-cover__inner-container is-layout-flow wp-block-cover-is-layout-flow\">\n\n<p class=\"has-text-color\" style=\"color:#ffffff;font-size:12px;font-weight:600;letter-spacing:2px;text-transform:uppercase\">Komplettes Kit<\/p>\n\n\n<h2 class=\"wp-block-heading has-background-color has-text-color\" style=\"font-size:clamp(20px, 1.25rem + ((1vw - 3.2px) * 1.364), 32px);\">Bananakit<\/h2>\n\n\n<p class=\"has-background-color has-text-color\">Alles, was du brauchst, um deinen eigenen Silikon-Klon zu erstellen: Alginatpulver, Premium-Silikon, Formrohr, Vibrator und Anleitung.<\/p>\n\n\n<div class=\"wp-block-buttons is-layout-flex wp-block-buttons-is-layout-flex\">\n<div class=\"wp-block-button\"><a class=\"wp-block-button__link wp-element-button\" href=\"\/de\/kit-de\/\">Kit ansehen<\/a><\/div>\n<\/div>\n\n<\/div><\/div>\n\n<\/div>\n\n\n\n<div class=\"wp-block-column is-layout-flow wp-block-column-is-layout-flow\">\n\n<div class=\"wp-block-cover has-custom-content-position is-position-bottom-left\" style=\"border-radius:8px;padding-top:var(--wp--preset--spacing--40);padding-right:var(--wp--preset--spacing--40);padding-bottom:var(--wp--preset--spacing--40);padding-left:var(--wp--preset--spacing--40);min-height:420px;aspect-ratio:unset;\"><span aria-hidden=\"true\" class=\"wp-block-cover__background has-background-dim-70 has-background-dim\" style=\"background:linear-gradient(180deg,rgba(14,12,25,0) 15%,rgba(14,12,25,0.85) 55%)\"><\/span><img decoding=\"async\" class=\"wp-block-cover__image-background\" alt=\"\" src=\"https:\/\/bananakit.com\/wp-content\/uploads\/2026\/04\/Mix_Silicone_web-scaled.jpg\" data-object-fit=\"cover\"\/><div class=\"wp-block-cover__inner-container is-layout-flow wp-block-cover-is-layout-flow\">\n\n<p class=\"has-text-color\" style=\"color:#ffffff;font-size:12px;font-weight:600;letter-spacing:2px;text-transform:uppercase\">Nachf\u00fcllungen &amp; Extras<\/p>\n\n\n<h2 class=\"wp-block-heading has-background-color has-text-color\" style=\"font-size:clamp(20px, 1.25rem + ((1vw - 3.2px) * 1.364), 32px);\">Nachf\u00fcllungen<\/h2>\n\n\n<p class=\"has-background-color has-text-color\">Silikon-Nachf\u00fcllungen in verschiedenen Farben und Extra-Alginatpackungen, um weitere Klone zu erstellen oder dein Rohr wiederzuverwenden.<\/p>\n\n\n<div class=\"wp-block-buttons is-layout-flex wp-block-buttons-is-layout-flex\">\n<div class=\"wp-block-button\"><a class=\"wp-block-button__link wp-element-button\" href=\"\/de\/ricambi-de\/\">Nachf\u00fcllungen ansehen<\/a><\/div>\n<\/div>\n\n<\/div><\/div>\n\n<\/div>\n\n<\/div>\n\n<\/div>\n\n\n\n\n<div class=\"wp-block-group alignfull has-background has-global-padding is-layout-constrained wp-container-core-group-is-layout-ac1a304b wp-block-group-is-layout-constrained\" style=\"background-color:#f7f5fa;padding-top:var(--wp--preset--spacing--60);padding-right:var(--wp--preset--spacing--30);padding-bottom:var(--wp--preset--spacing--30);padding-left:var(--wp--preset--spacing--30)\">\n\n<p class=\"has-text-color\" style=\"color:#8300e9;font-size:13px;font-weight:600;letter-spacing:3px;text-transform:uppercase\">Mehr als ein Geschenk. Es ist ein Erlebnis.<\/p>\n\n\n\n<h2 class=\"wp-block-heading has-text-align-center\" style=\"margin-bottom:var(--wp--preset--spacing--20)\">Perfekt f\u00fcr\u2026<\/h2>\n\n\n\n<p class=\"has-text-align-center\" style=\"margin-bottom:var(--wp--preset--spacing--50);font-size:clamp(14px, 0.875rem + ((1vw - 3.2px) * 0.341), 17px);line-height:1.7\">Jeder kann Blumen oder Pralinen verschenken. Bananakit verwandelt ein einfaches Geschenk in einen Moment: es planen, es machen, dar\u00fcber lachen und vielleicht ein bisschen rot werden.<\/p>\n\n\n\n<div class=\"wp-block-columns is-layout-flex wp-container-core-columns-is-layout-ea69a204 wp-block-columns-is-layout-flex\">\n\n<div class=\"wp-block-column is-layout-flow wp-block-column-is-layout-flow\">\n\n<div class=\"wp-block-group has-background has-global-padding is-layout-constrained wp-container-core-group-is-layout-16268051 wp-block-group-is-layout-constrained\" style=\"border-radius:12px;background-color:#ffffff;padding-top:var(--wp--preset--spacing--30);padding-right:var(--wp--preset--spacing--30);padding-bottom:var(--wp--preset--spacing--30);padding-left:var(--wp--preset--spacing--30);box-shadow:0 2px 12px rgba(14,12,25,0.06)\">\n\n<h3 class=\"wp-block-heading\" style=\"font-size:clamp(14px, 0.875rem + ((1vw - 3.2px) * 0.682), 20px);\">Jahrestage<\/h3>\n\n\n<p class=\"has-muted-color has-text-color\" style=\"font-size:clamp(14px, 0.875rem + ((1vw - 3.2px) * 0.114), 15px);\">\u00dcberrasche deinen Partner mit einem Geschenk, das alles andere als gew\u00f6hnlich ist.<\/p>\n\n<\/div>\n\n<\/div>\n\n\n<div class=\"wp-block-column is-layout-flow wp-block-column-is-layout-flow\">\n\n<div class=\"wp-block-group has-background has-global-padding is-layout-constrained wp-container-core-group-is-layout-16268051 wp-block-group-is-layout-constrained\" style=\"border-radius:12px;background-color:#ffffff;padding-top:var(--wp--preset--spacing--30);padding-right:var(--wp--preset--spacing--30);padding-bottom:var(--wp--preset--spacing--30);padding-left:var(--wp--preset--spacing--30);box-shadow:0 2px 12px rgba(14,12,25,0.06)\">\n\n<h3 class=\"wp-block-heading\" style=\"font-size:clamp(14px, 0.875rem + ((1vw - 3.2px) * 0.682), 20px);\">Junggesellenabschiede<\/h3>\n\n\n<p class=\"has-muted-color has-text-color\" style=\"font-size:clamp(14px, 0.875rem + ((1vw - 3.2px) * 0.114), 15px);\">Die freche Geschenkidee, die tats\u00e4chlich clever, lustig und unvergesslich ist.<\/p>\n\n<\/div>\n\n<\/div>\n\n\n<div class=\"wp-block-column is-layout-flow wp-block-column-is-layout-flow\">\n\n<div class=\"wp-block-group has-background has-global-padding is-layout-constrained wp-container-core-group-is-layout-16268051 wp-block-group-is-layout-constrained\" style=\"border-radius:12px;background-color:#ffffff;padding-top:var(--wp--preset--spacing--30);padding-right:var(--wp--preset--spacing--30);padding-bottom:var(--wp--preset--spacing--30);padding-left:var(--wp--preset--spacing--30);box-shadow:0 2px 12px rgba(14,12,25,0.06)\">\n\n<h3 class=\"wp-block-heading\" style=\"font-size:clamp(14px, 0.875rem + ((1vw - 3.2px) * 0.682), 20px);\">Valentinstag<\/h3>\n\n\n<p class=\"has-muted-color has-text-color\" style=\"font-size:clamp(14px, 0.875rem + ((1vw - 3.2px) * 0.114), 15px);\">Wenn &quot;Ich liebe dich&quot; auch bedeutet &quot;Lass uns zusammen etwas Verr\u00fccktes machen.&quot;<\/p>\n\n<\/div>\n\n<\/div>\n\n\n<div class=\"wp-block-column is-layout-flow wp-block-column-is-layout-flow\">\n\n<div class=\"wp-block-group has-background has-global-padding is-layout-constrained wp-container-core-group-is-layout-16268051 wp-block-group-is-layout-constrained\" style=\"border-radius:12px;background-color:#ffffff;padding-top:var(--wp--preset--spacing--30);padding-right:var(--wp--preset--spacing--30);padding-bottom:var(--wp--preset--spacing--30);padding-left:var(--wp--preset--spacing--30);box-shadow:0 2px 12px rgba(14,12,25,0.06)\">\n\n<h3 class=\"wp-block-heading\" style=\"font-size:clamp(14px, 0.875rem + ((1vw - 3.2px) * 0.682), 20px);\">Fernbeziehungen<\/h3>\n\n\n<p class=\"has-muted-color has-text-color\" style=\"font-size:clamp(14px, 0.875rem + ((1vw - 3.2px) * 0.114), 15px);\">Eine freche Art, sich ein bisschen n\u00e4her zu f\u00fchlen, auch wenn ihr weit voneinander entfernt seid.<\/p>\n\n<\/div>\n\n<\/div>\n\n\n<\/div>\n\n<\/div>\n\n","protected":false},"excerpt":{"rendered":"<p>Mehr als ein Geschenk. Es ist ein Erlebnis. Perfekt f\u00fcr\u2026 Jeder kann Blumen oder Pralinen verschenken. Bananakit verwandelt ein einfaches Geschenk in einen Moment: es planen, es machen, dar\u00fcber lachen und vielleicht ein bisschen rot werden. Jahrestage \u00dcberrasche deinen Partner mit einem Geschenk, das alles andere als gew\u00f6hnlich ist. Junggesellenabschiede Die freche Geschenkidee, die tats\u00e4chlich [&hellip;]<\/p>\n","protected":false},"author":0,"featured_media":0,"parent":0,"menu_order":0,"comment_status":"closed","ping_status":"closed","template":"","meta":{"footnotes":""},"class_list":["post-6187","page","type-page","status-publish","hentry"],"aioseo_notices":[],"_links":{"self":[{"href":"https:\/\/bananakit.com\/de\/wp-json\/wp\/v2\/pages\/6187","targetHints":{"allow":["GET"]}}],"collection":[{"href":"https:\/\/bananakit.com\/de\/wp-json\/wp\/v2\/pages"}],"about":[{"href":"https:\/\/bananakit.com\/de\/wp-json\/wp\/v2\/types\/page"}],"replies":[{"embeddable":true,"href":"https:\/\/bananakit.com\/de\/wp-json\/wp\/v2\/comments?post=6187"}],"version-history":[{"count":0,"href":"https:\/\/bananakit.com\/de\/wp-json\/wp\/v2\/pages\/6187\/revisions"}],"wp:attachment":[{"href":"https:\/\/bananakit.com\/de\/wp-json\/wp\/v2\/media?parent=6187"}],"curies":[{"name":"wp","href":"https:\/\/api.w.org\/{rel}","templated":true}]}}