{"id":6182,"date":"2026-04-08T13:43:18","date_gmt":"2026-04-08T12:43:18","guid":{"rendered":"https:\/\/bananakit.com\/tutorial-de\/"},"modified":"2026-04-09T16:39:03","modified_gmt":"2026-04-09T15:39:03","slug":"tutorial-de","status":"publish","type":"page","link":"https:\/\/bananakit.com\/de\/tutorial-de\/","title":{"rendered":"Tutorial"},"content":{"rendered":"\n\n\n<div class=\"wp-block-cover alignfull\" style=\"padding-top:var(--wp--preset--spacing--60);padding-right:var(--wp--preset--spacing--30);padding-bottom:var(--wp--preset--spacing--60);padding-left:var(--wp--preset--spacing--30);min-height:420px;aspect-ratio:unset;\"><span aria-hidden=\"true\" class=\"wp-block-cover__background has-background-dim-0 has-background-dim has-background-gradient\" style=\"background:linear-gradient(90deg,rgba(14,12,25,0.75) 0%,rgba(14,12,25,0.25) 70%,rgba(14,12,25,0) 100%)\"><\/span><img decoding=\"async\" class=\"wp-block-cover__image-background\" alt=\"\" src=\"https:\/\/bananakit.com\/wp-content\/uploads\/2026\/04\/Banana-Tutorial.jpg\" data-object-fit=\"cover\"\/><div class=\"wp-block-cover__inner-container has-global-padding is-layout-constrained wp-container-core-cover-is-layout-ebbcba38 wp-block-cover-is-layout-constrained\">\n\n<p class=\"has-text-color\" style=\"color:#c8a9ef;font-size:13px;font-weight:600;letter-spacing:3px;text-transform:uppercase\">Entdecke die Kunst des Klonens<\/p>\n\n\n\n<h1 class=\"wp-block-heading has-background-color has-text-color\" style=\"font-size:clamp(36px, 5vw, 64px);line-height:1.05;text-shadow:0 2px 20px rgba(14,12,25,0.55)\">BANANAKIT Tutorial<\/h1>\n\n\n\n<p class=\"has-background-color has-text-color\" style=\"margin-top:var(--wp--preset--spacing--20);font-size:clamp(14px, 0.875rem + ((1vw - 3.2px) * 0.455), 18px);text-shadow:0 1px 8px rgba(14,12,25,0.7)\">Entdecke die einfachen Schritte, um deinen eigenen personalisierten Klon mit unserem DIY-Set zu erstellen. Perfekt f\u00fcr Anf\u00e4nger und Enthusiasten.<\/p>\n\n\n<\/div><\/div>\n\n\n\n<div class=\"wp-block-group alignfull has-global-padding is-layout-constrained wp-container-core-group-is-layout-d7858baa wp-block-group-is-layout-constrained\" style=\"padding-top:var(--wp--preset--spacing--60);padding-right:var(--wp--preset--spacing--30);padding-bottom:var(--wp--preset--spacing--50);padding-left:var(--wp--preset--spacing--30)\">\n\n<h2 class=\"wp-block-heading has-text-align-center\">Dein Leitfaden zum perfekten Klon<\/h2>\n\n\n\n<p class=\"has-text-align-center\" style=\"font-size:clamp(14px, 0.875rem + ((1vw - 3.2px) * 0.455), 18px);line-height:1.7\">Wir freuen uns, dir beim Erstellen eines einzigartigen Klons mit unserem DIY-Abformset zu helfen. Ob du zum ersten Mal dabei bist oder erfahren bist, unsere Schritt-f\u00fcr-Schritt-Anleitung macht den Prozess einfach, unterhaltsam und sicher.<\/p>\n\n<\/div>\n\n\n\n<div class=\"wp-block-group alignfull has-background has-global-padding is-layout-constrained wp-container-core-group-is-layout-6e8b1c8e wp-block-group-is-layout-constrained\" style=\"background-color:#f7f5fa;padding-top:var(--wp--preset--spacing--40);padding-right:var(--wp--preset--spacing--30);padding-bottom:var(--wp--preset--spacing--60);padding-left:var(--wp--preset--spacing--30)\">\n\n<div class=\"wp-block-columns is-layout-flex wp-container-core-columns-is-layout-87beb0d0 wp-block-columns-is-layout-flex\">\n\n\n<div class=\"wp-block-column is-layout-flow wp-block-column-is-layout-flow\">\n\n<div class=\"wp-block-group has-background has-global-padding is-layout-constrained wp-container-core-group-is-layout-8f69a9b3 wp-block-group-is-layout-constrained\" style=\"border-radius:8px;background-color:#ffffff;padding-top:var(--wp--preset--spacing--40);padding-right:var(--wp--preset--spacing--40);padding-bottom:var(--wp--preset--spacing--40);padding-left:var(--wp--preset--spacing--40);box-shadow:0 2px 12px rgba(14,12,25,0.06)\">\n\n<h3 class=\"wp-block-heading\" style=\"font-size:clamp(14.642px, 0.915rem + ((1vw - 3.2px) * 0.836), 22px);\">Verwende warmes Wasser<\/h3>\n\n\n<p>F\u00fcr beste Ergebnisse verwende warmes Wasser \u2014 nicht zu hei\u00df und nicht zu kalt. Kaltes Wasser kann deine &#8222;Banane&#8220; schrumpfen lassen und die Pr\u00e4zision beeintr\u00e4chtigen. Warmes Wasser h\u00e4lt alles entspannt und sorgt f\u00fcr perfekten Sitz.<\/p>\n\n<\/div>\n\n<\/div>\n\n\n\n<div class=\"wp-block-column is-layout-flow wp-block-column-is-layout-flow\">\n\n<div class=\"wp-block-group has-background has-global-padding is-layout-constrained wp-container-core-group-is-layout-8f69a9b3 wp-block-group-is-layout-constrained\" style=\"border-radius:8px;background-color:#ffffff;padding-top:var(--wp--preset--spacing--40);padding-right:var(--wp--preset--spacing--40);padding-bottom:var(--wp--preset--spacing--40);padding-left:var(--wp--preset--spacing--40);box-shadow:0 2px 12px rgba(14,12,25,0.06)\">\n\n<h3 class=\"wp-block-heading\" style=\"font-size:clamp(14.642px, 0.915rem + ((1vw - 3.2px) * 0.836), 22px);\">Gemeinsam mehr Spa\u00df<\/h3>\n\n\n<p>Eine Abformung zu erstellen ist eine einzigartige Erfahrung, die noch besser wird, wenn man sie teilt. Alles allein zu machen ist schwer \u2014 ein Partner hilft dir zu entspannen und den Prozess zu genie\u00dfen.<\/p>\n\n<\/div>\n\n<\/div>\n\n\n\n<div class=\"wp-block-column is-layout-flow wp-block-column-is-layout-flow\">\n\n<div class=\"wp-block-group has-background has-global-padding is-layout-constrained wp-container-core-group-is-layout-8f69a9b3 wp-block-group-is-layout-constrained\" style=\"border-radius:8px;background-color:#ffffff;padding-top:var(--wp--preset--spacing--40);padding-right:var(--wp--preset--spacing--40);padding-bottom:var(--wp--preset--spacing--40);padding-left:var(--wp--preset--spacing--40);box-shadow:0 2px 12px rgba(14,12,25,0.06)\">\n\n<h3 class=\"wp-block-heading\" style=\"font-size:clamp(14.642px, 0.915rem + ((1vw - 3.2px) * 0.836), 22px);\">W\u00e4hle den richtigen Ort<\/h3>\n\n\n<p>Auch wenn unser Set mit einem Anti-Versch\u00fctt-System ausgestattet ist, f\u00fchre den Klonvorgang am besten an einem Ort durch, an dem versehentliches Versch\u00fctten leicht zu reinigen ist.<\/p>\n\n<\/div>\n\n<\/div>\n\n<\/div>\n\n<\/div>\n\n\n\n<div class=\"wp-block-group alignfull has-global-padding is-layout-constrained wp-container-core-group-is-layout-d7858baa wp-block-group-is-layout-constrained\" style=\"padding-top:var(--wp--preset--spacing--60);padding-right:var(--wp--preset--spacing--30);padding-bottom:var(--wp--preset--spacing--50);padding-left:var(--wp--preset--spacing--30)\">\n\n<h2 class=\"wp-block-heading has-text-align-center\">Schritt-f\u00fcr-Schritt-Video<\/h2>\n\n\n\n<p class=\"has-text-align-center\" style=\"font-size:clamp(14px, 0.875rem + ((1vw - 3.2px) * 0.455), 18px);line-height:1.7\">Schau dir unser detailliertes Video unten an, um zu sehen, wie du mit Bananakit deine eigene Form erstellst. Dieses leicht zu folgende Tutorial deckt jeden Schritt ab.<\/p>\n\n\n\n<figure class=\"wp-block-embed is-type-video\" style=\"margin:var(--wp--preset--spacing--40) auto 0;max-width:900px;\">\n<div style=\"position:relative;padding-bottom:56.25%;height:0;border-radius:8px;overflow:hidden;\">\n<iframe src=\"https:\/\/www.youtube.com\/embed\/1REWQxwgnxg\" title=\"Bananakit tutorial\" frameborder=\"0\" allow=\"accelerometer; autoplay; clipboard-write; encrypted-media; gyroscope; picture-in-picture; web-share\" allowfullscreen loading=\"lazy\" style=\"position:absolute;inset:0;width:100%;height:100%;\"><\/iframe>\n<\/div>\n<\/figure>\n\n<\/div>\n\n\n\n<div class=\"wp-block-group alignfull has-global-padding is-layout-constrained wp-container-core-group-is-layout-ebbcba38 wp-block-group-is-layout-constrained\" style=\"padding-top:var(--wp--preset--spacing--60);padding-right:var(--wp--preset--spacing--30);padding-bottom:var(--wp--preset--spacing--60);padding-left:var(--wp--preset--spacing--30)\">\n\n<h2 class=\"wp-block-heading has-text-align-center\" style=\"margin-bottom:var(--wp--preset--spacing--50)\">Schriftliche Anleitung<\/h2>\n\n\n\n<ol class=\"wp-block-list\" style=\"font-size:clamp(14px, 0.875rem + ((1vw - 3.2px) * 0.341), 17px);line-height:1.7\">\n<li><strong>STEP 1<\/strong> \u2014 Nimm die Latexbl\u00e4tter und mache in der Mitte einen Schnitt, etwa 3-4 cm lang auf einem und 2 cm auf dem anderen.<\/li>\n\n\n\n<li><strong>STEP 2<\/strong> \u2014 Verschlie\u00dfe ein Ende der R\u00f6hre mit dem Latexblatt mit dem gr\u00f6\u00dferen Schnitt und den beiden Gummib\u00e4ndern.<\/li>\n\n\n\n<li><strong>STEP 3<\/strong> \u2014 F\u00fclle einen Beh\u00e4lter mit etwa 2 Litern Fassungsverm\u00f6gen mit 800 ml lauwarmem Leitungswasser.<\/li>\n\n\n\n<li><strong>STEP 4<\/strong> \u2014 \u00d6ffne die R\u00f6hre mit dem Alginatpulver, entferne den Vibrator, und gie\u00dfe den gesamten Inhalt in den Beh\u00e4lter mit dem Wasser. Mische gut f\u00fcr etwa 30 Sekunden.<\/li>\n\n\n\n<li><strong>STEP 5<\/strong> \u2014 F\u00fchre deine erigierte Banane durch die \u00d6ffnung im Latex in die R\u00f6hre ein, und achte darauf, dass kein Teil die W\u00e4nde der R\u00f6hre ber\u00fchrt.<\/li>\n\n\n\n<li><strong>STEP 6<\/strong> \u2014 Gie\u00dfe die gesamte Alginatmischung von oben in die R\u00f6hre, bis die Banane vollst\u00e4ndig bedeckt ist. Halte die Banane ruhig, w\u00e4hrend die Mischung aush\u00e4rtet.<\/li>\n\n\n\n<li><strong>STEP 7<\/strong> \u2014 Sobald das Alginatgel ausgeh\u00e4rtet ist, entferne die Banane vorsichtig aus der R\u00f6hre.<\/li>\n\n\n\n<li><strong>STEP 8<\/strong> \u2014 Stecke die R\u00f6hre, die das Alginatpulver enthielt, in die mit der frisch erstellten Form, um Verformungen zu vermeiden.<\/li>\n\n\n\n<li><strong>STEP 9<\/strong> \u2014 Gie\u00dfe den Inhalt der beiden Silikonbeh\u00e4lter in eine Sch\u00fcssel und mische etwa 1 Minute lang, bis du eine glatte Mischung erh\u00e4ltst.<\/li>\n\n\n\n<li><strong>STEP 10<\/strong> \u2014 Gie\u00dfe die Silikonmischung sehr langsam in die Form, um Luftblasenbildung zu vermeiden. F\u00fclle die Form nicht vollst\u00e4ndig.<\/li>\n\n\n\n<li><strong>STEP 11<\/strong> \u2014 Verschlie\u00dfe die R\u00f6hre mit dem Latexblatt und dem Gummiband. F\u00fchre dann den Vibrator durch den Schnitt im Latex ein.<\/li>\n\n\n\n<li><strong>STEP 12<\/strong> \u2014 Warte eine halbe Stunde, bevor du deine Replik aus der Form entfernst. Du kannst sie mit Wasser und Seife waschen, um sie sauber zu halten.<\/li>\n<\/ol>\n\n\n\n<div class=\"wp-block-group has-border-color has-background is-content-justification-center is-layout-flex wp-container-core-group-is-layout-a17e5fdc wp-block-group-is-layout-flex\" style=\"border-color:#e5e0ec;border-width:1px;border-radius:12px;background-color:#f7f5fa;margin-top:var(--wp--preset--spacing--40);padding-top:var(--wp--preset--spacing--30);padding-bottom:var(--wp--preset--spacing--30)\">\n\n<p style=\"margin-right:24px;font-size:14px;font-weight:600\">&#x1F4E6; Diskreter Versand \u2014 neutraler Karton<\/p>\n\n\n<p style=\"margin-right:24px;font-size:14px;font-weight:600\">&#x1F1EE;&#x1F1F9; Made in Italy \u2014 Dentalstandards<\/p>\n\n\n<p style=\"font-size:14px;font-weight:600\">&#x1F6E1;&#xFE0F; Medizinisches Silikon \u2014 k\u00f6rpersicher<\/p>\n\n<\/div>\n\n\n<\/div>\n\n\n","protected":false},"excerpt":{"rendered":"<p>Dein Leitfaden zum perfekten Klon Wir freuen uns, dir beim Erstellen eines einzigartigen Klons mit unserem DIY-Abformset zu helfen. Ob du zum ersten Mal dabei bist oder erfahren bist, unsere Schritt-f\u00fcr-Schritt-Anleitung macht den Prozess einfach, unterhaltsam und sicher. Verwende warmes Wasser F\u00fcr beste Ergebnisse verwende warmes Wasser \u2014 nicht zu hei\u00df und nicht zu kalt. [&hellip;]<\/p>\n","protected":false},"author":0,"featured_media":0,"parent":0,"menu_order":0,"comment_status":"closed","ping_status":"closed","template":"","meta":{"footnotes":""},"class_list":["post-6182","page","type-page","status-publish","hentry"],"aioseo_notices":[],"_links":{"self":[{"href":"https:\/\/bananakit.com\/de\/wp-json\/wp\/v2\/pages\/6182","targetHints":{"allow":["GET"]}}],"collection":[{"href":"https:\/\/bananakit.com\/de\/wp-json\/wp\/v2\/pages"}],"about":[{"href":"https:\/\/bananakit.com\/de\/wp-json\/wp\/v2\/types\/page"}],"replies":[{"embeddable":true,"href":"https:\/\/bananakit.com\/de\/wp-json\/wp\/v2\/comments?post=6182"}],"version-history":[{"count":0,"href":"https:\/\/bananakit.com\/de\/wp-json\/wp\/v2\/pages\/6182\/revisions"}],"wp:attachment":[{"href":"https:\/\/bananakit.com\/de\/wp-json\/wp\/v2\/media?parent=6182"}],"curies":[{"name":"wp","href":"https:\/\/api.w.org\/{rel}","templated":true}]}}